{"id":5217,"date":"2021-01-26T07:39:50","date_gmt":"2021-01-26T07:39:50","guid":{"rendered":""},"modified":"2024-06-28T08:07:43","modified_gmt":"2024-06-28T08:07:43","slug":"%d1%81%d0%bf%d0%b5%d1%86%d0%b8%d0%b0%d0%bb%d1%8c%d0%bd%d1%8b%d0%b5-%d1%80%d0%b0%d0%b1%d0%be%d1%82%d1%8b-%d0%bf%d0%be-%d1%87%d0%b8%d1%81%d1%82%d0%ba%d0%b5","status":"publish","type":"page","link":"https:\/\/purus.ee\/ru\/%d1%80%d0%b0%d0%b1%d0%be%d1%82%d1%8b-%d0%bf%d0%be-%d1%87%d0%b8%d1%81%d1%82%d0%ba%d0%b5\/%d1%81%d0%bf%d0%b5%d1%86%d0%b8%d0%b0%d0%bb%d1%8c%d0%bd%d1%8b%d0%b5-%d1%80%d0%b0%d0%b1%d0%be%d1%82%d1%8b-%d0%bf%d0%be-%d1%87%d0%b8%d1%81%d1%82%d0%ba%d0%b5\/","title":{"rendered":"\u0421\u043f\u0435\u0446\u0438\u0430\u043b\u044c\u043d\u044b\u0435 \u0440\u0430\u0431\u043e\u0442\u044b \u043f\u043e \u0447\u0438\u0441\u0442\u043a\u0435"},"content":{"rendered":"\t\t<div data-elementor-type=\"wp-page\" data-elementor-id=\"5217\" class=\"elementor elementor-5217 elementor-4570\">\n\t\t\t\t\t\t<section class=\"elementor-section elementor-top-section elementor-element elementor-element-b83faeb elementor-section-boxed elementor-section-height-default elementor-section-height-default\" data-id=\"b83faeb\" data-element_type=\"section\" data-settings=\"{&quot;jet_parallax_layout_list&quot;:[]}\">\n\t\t\t\t\t\t<div class=\"elementor-container elementor-column-gap-default\">\n\t\t\t\t\t<div class=\"elementor-column elementor-col-50 elementor-top-column elementor-element elementor-element-5f0b359\" data-id=\"5f0b359\" data-element_type=\"column\">\n\t\t\t<div class=\"elementor-widget-wrap elementor-element-populated\">\n\t\t\t\t\t\t<div class=\"elementor-element elementor-element-4e5914f single_service__menu elementor-widget elementor-widget-jet-custom-menu\" data-id=\"4e5914f\" data-element_type=\"widget\" data-widget_type=\"jet-custom-menu.default\">\n\t\t\t\t<div class=\"elementor-widget-container\">\n\t\t\t<div class=\"menu-puhastustood-rus-container\"><div class=\"jet-custom-nav jet-custom-nav--dropdown-right-side jet-custom-nav--animation-fade\"><div class=\"menu-item menu-item-type-post_type menu-item-object-page jet-custom-nav__item jet-custom-nav__item-5346\"><a href=\"https:\/\/purus.ee\/ru\/%d1%80%d0%b0%d0%b1%d0%be%d1%82%d1%8b-%d0%bf%d0%be-%d1%87%d0%b8%d1%81%d1%82%d0%ba%d0%b5\/%d1%83%d0%b1%d0%be%d1%80%d0%ba%d0%b0-%d1%81-%d1%8d%d0%bb%d0%b5%d0%bc%d0%b5%d0%bd%d1%82%d0%b0%d0%bc%d0%b8-%d1%83%d1%85%d0%be%d0%b4%d0%b0\/\" class=\"jet-custom-nav__item-link\"><span class=\"jet-menu-link-text\"><span class=\"jet-custom-item-label top-level-label\">\u0423\u0431\u043e\u0440\u043a\u0430 \u0441 \u044d\u043b\u0435\u043c\u0435\u043d\u0442\u0430\u043c\u0438 \u0443\u0445\u043e\u0434\u0430<\/span><\/span><\/a><\/div>\n<div class=\"menu-item menu-item-type-post_type menu-item-object-page jet-custom-nav__item jet-custom-nav__item-5347\"><a href=\"https:\/\/purus.ee\/ru\/%d1%80%d0%b0%d0%b1%d0%be%d1%82%d1%8b-%d0%bf%d0%be-%d1%87%d0%b8%d1%81%d1%82%d0%ba%d0%b5\/%d0%b4%d0%b5%d0%b6%d1%83%d1%80%d0%bd%d0%b0%d1%8f-%d1%83%d0%b1%d0%be%d1%80%d0%ba%d0%b0\/\" class=\"jet-custom-nav__item-link\"><span class=\"jet-menu-link-text\"><span class=\"jet-custom-item-label top-level-label\">\u0414\u0435\u0436\u0443\u0440\u043d\u0430\u044f \u0443\u0431\u043e\u0440\u043a\u0430<\/span><\/span><\/a><\/div>\n<div class=\"menu-item menu-item-type-post_type menu-item-object-page jet-custom-nav__item jet-custom-nav__item-5348\"><a href=\"https:\/\/purus.ee\/ru\/%d1%80%d0%b0%d0%b1%d0%be%d1%82%d1%8b-%d0%bf%d0%be-%d1%87%d0%b8%d1%81%d1%82%d0%ba%d0%b5\/%d1%83%d1%81%d0%bb%d1%83%d0%b3%d0%b8-%d0%b4%d0%b2%d0%be%d1%80%d0%bd%d0%b8%d0%ba%d0%b0\/\" class=\"jet-custom-nav__item-link\"><span class=\"jet-menu-link-text\"><span class=\"jet-custom-item-label top-level-label\">\u0423\u0441\u043b\u0443\u0433\u0438 \u0434\u0432\u043e\u0440\u043d\u0438\u043a\u0430<\/span><\/span><\/a><\/div>\n<div class=\"menu-item menu-item-type-post_type menu-item-object-page menu-item-has-children jet-custom-nav__item jet-custom-nav__item-5349\"><a href=\"https:\/\/purus.ee\/ru\/%d1%80%d0%b0%d0%b1%d0%be%d1%82%d1%8b-%d0%bf%d0%be-%d1%87%d0%b8%d1%81%d1%82%d0%ba%d0%b5\/%d1%81%d0%bf%d0%b5%d1%86%d0%b8%d0%b0%d0%bb%d1%8c%d0%bd%d1%8b%d0%b5-%d1%80%d0%b0%d0%b1%d0%be%d1%82%d1%8b-%d0%bf%d0%be-%d1%87%d0%b8%d1%81%d1%82%d0%ba%d0%b5\/\" class=\"jet-custom-nav__item-link\"><span class=\"jet-menu-link-text\"><span class=\"jet-custom-item-label top-level-label\">\u0421\u043f\u0435\u0446\u0438\u0430\u043b\u044c\u043d\u044b\u0435 \u0440\u0430\u0431\u043e\u0442\u044b \u043f\u043e \u0447\u0438\u0441\u0442\u043a\u0435<\/span><\/span><i class=\"jet-dropdown-arrow  fa fa-chevron-right\"><\/i><\/a>\n<div  class=\"jet-custom-nav__sub\">\n\t<div class=\"menu-item menu-item-type-post_type menu-item-object-page jet-custom-nav__item jet-custom-nav__item-5350\"><a href=\"https:\/\/purus.ee\/ru\/%d1%80%d0%b0%d0%b1%d0%be%d1%82%d1%8b-%d0%bf%d0%be-%d1%87%d0%b8%d1%81%d1%82%d0%ba%d0%b5\/%d1%81%d0%bf%d0%b5%d1%86%d0%b8%d0%b0%d0%bb%d1%8c%d0%bd%d1%8b%d0%b5-%d1%80%d0%b0%d0%b1%d0%be%d1%82%d1%8b-%d0%bf%d0%be-%d1%87%d0%b8%d1%81%d1%82%d0%ba%d0%b5\/%d0%be%d0%bf%d0%b8%d1%81%d0%b0%d0%bd%d0%b8%d0%b5-%d1%80%d0%b0%d0%b1%d0%be%d1%82\/\" class=\"jet-custom-nav__item-link\"><span class=\"jet-menu-link-text\"><span class=\"jet-custom-item-label sub-level-label\">\u041e\u043f\u0438\u0441\u0430\u043d\u0438\u0435 \u0440\u0430\u0431\u043e\u0442<\/span><\/span><\/a><\/div>\n<\/div>\n<\/div>\n<\/div><\/div>\t\t<\/div>\n\t\t\t\t<\/div>\n\t\t\t\t\t<\/div>\n\t\t<\/div>\n\t\t\t\t<div class=\"elementor-column elementor-col-50 elementor-top-column elementor-element elementor-element-7d8c4a3\" data-id=\"7d8c4a3\" data-element_type=\"column\">\n\t\t\t<div class=\"elementor-widget-wrap elementor-element-populated\">\n\t\t\t\t\t\t<div class=\"elementor-element elementor-element-3d3182c elementor-widget elementor-widget-heading\" data-id=\"3d3182c\" data-element_type=\"widget\" data-widget_type=\"heading.default\">\n\t\t\t\t<div class=\"elementor-widget-container\">\n\t\t\t<h2 class=\"elementor-heading-title elementor-size-default\">\u0421\u043f\u0435\u0446\u0438\u0430\u043b\u044c\u043d\u044b\u0435 \u0440\u0430\u0431\u043e\u0442\u044b \u043f\u043e \u0447\u0438\u0441\u0442\u043a\u0435:<\/h2>\t\t<\/div>\n\t\t\t\t<\/div>\n\t\t\t\t<div class=\"elementor-element elementor-element-4d15cfd elementor-widget elementor-widget-text-editor\" data-id=\"4d15cfd\" data-element_type=\"widget\" data-widget_type=\"text-editor.default\">\n\t\t\t\t<div class=\"elementor-widget-container\">\n\t\t\t\t\t\t\t<p>\u0415\u0436\u0435\u0434\u043d\u0435\u0432\u043d\u044b\u0435 \u0443\u0431\u043e\u0440\u043a\u0438 \u0441 \u044d\u043b\u0435\u043c\u0435\u043d\u0442\u0430\u043c\u0438 \u0443\u0445\u043e\u0434\u0430 \u0438 \u0434\u0435\u0436\u0443\u0440\u043d\u044b\u0435 \u0443\u0431\u043e\u0440\u043a\u0438 \u043e\u0441\u043e\u0431\u0435\u043d\u043d\u043e \u044d\u0444\u0444\u0435\u043a\u0442\u0438\u0432\u043d\u044b \u0432 \u0441\u043e\u0447\u0435\u0442\u0430\u043d\u0438\u0438 \u0441 \u0440\u0435\u0433\u0443\u043b\u044f\u0440\u043d\u044b\u043c\u0438 \u0441\u043f\u0435\u0446\u0438\u0430\u043b\u044c\u043d\u044b\u043c\u0438 \u0440\u0430\u0431\u043e\u0442\u0430\u043c\u0438 \u043f\u043e \u0447\u0438\u0441\u0442\u043a\u0435.<\/p>\n\t\t\t\t\t\t<\/div>\n\t\t\t\t<\/div>\n\t\t\t\t<div class=\"elementor-element elementor-element-99cced5 elementor-widget elementor-widget-text-editor\" data-id=\"99cced5\" data-element_type=\"widget\" data-widget_type=\"text-editor.default\">\n\t\t\t\t<div class=\"elementor-widget-container\">\n\t\t\t\t\t\t\t<ul>\n \t<li>\u041c\u044b\u0442\u044c\u0435 \u043e\u043a\u043e\u043d<\/li>\n \t<li>\u0427\u0438\u0441\u0442\u043a\u0430 \u0434\u043b\u044f \u043f\u0440\u043e\u0434\u043b\u0435\u043d\u0438\u044f \u0441\u0440\u043e\u043a\u0430 \u0441\u043b\u0443\u0436\u0431\u044b \u0438 \u0441\u043e\u0445\u0440\u0430\u043d\u0435\u043d\u0438\u044f \u043f\u0440\u0438\u0432\u043b\u0435\u043a\u0430\u0442\u0435\u043b\u044c\u043d\u043e\u0441\u0442\u0438 \u0440\u0430\u0437\u043b\u0438\u0447\u043d\u044b\u0445 \u043f\u043e\u043b\u043e\u0432 (\u041f\u0412\u0425, \u043a\u0430\u043c\u0435\u043d\u044c, \u043b\u0430\u043c\u0438\u043d\u0430\u0442, \u0434\u0440\u0435\u0432\u0435\u0441\u0438\u043d\u0430 \u0438 \u0442.\u0434.), \u0432 \u0442\u043e\u043c \u0447\u0438\u0441\u043b\u0435 \u043c\u0430\u0448\u0438\u043d\u043d\u043e\u0435 \u043c\u044b\u0442\u044c\u0435, \u043e\u0431\u0440\u0430\u0431\u043e\u0442\u043a\u0430 \u0437\u0430\u0449\u0438\u0442\u043d\u044b\u043c\u0438 \u0432\u0435\u0449\u0435\u0441\u0442\u0432\u0430\u043c\u0438 (\u0432\u043e\u0449\u0435\u043d\u0438\u0435, \u043f\u0440\u043e\u043c\u0430\u0441\u043b\u0438\u0432\u0430\u043d\u0438\u0435, \u043f\u0440\u043e\u043f\u0438\u0442\u043a\u0430) \u0438 \u043b\u043e\u0449\u0435\u043d\u0438\u0435<\/li>\n \t<li>\u0413\u043b\u0443\u0431\u043e\u043a\u0430\u044f \u0447\u0438\u0441\u0442\u043a\u0430 \u043a\u043e\u0432\u0440\u043e\u0432\u044b\u0445 \u043f\u043e\u043a\u0440\u044b\u0442\u0438\u0439 \u0438 \u043c\u044f\u0433\u043a\u043e\u0439 \u043c\u0435\u0431\u0435\u043b\u0438<\/li>\n \t<li>\u041a\u0440\u0438\u0441\u0442\u0430\u043b\u043b\u0438\u0437\u0430\u0446\u0438\u044f \u043a\u0430\u043c\u0435\u043d\u043d\u044b\u0445 \u043f\u043e\u043b\u043e\u0432<\/li>\n \t<li>\u0413\u0435\u043d\u0435\u0440\u0430\u043b\u044c\u043d\u0430\u044f \u0447\u0438\u0441\u0442\u043a\u0430 \u043f\u043e\u0441\u043b\u0435 \u0440\u0435\u043c\u043e\u043d\u0442\u0430 \u0438 \u0441\u0442\u0440\u043e\u0438\u0442\u0435\u043b\u044c\u043d\u044b\u0445 \u0440\u0430\u0431\u043e\u0442<\/li>\n \t<li>\u041c\u044b\u0442\u044c\u0435 \u043f\u043e\u0434 \u0434\u0430\u0432\u043b\u0435\u043d\u0438\u0435\u043c<\/li>\n \t<li>\u0427\u0438\u0441\u0442\u043a\u0430 \u0432\u0435\u0440\u0442\u0438\u043a\u0430\u043b\u044c\u043d\u044b\u0445 \u0438 \u0433\u043e\u0440\u0438\u0437\u043e\u043d\u0442\u0430\u043b\u044c\u043d\u044b\u0445 \u0436\u0430\u043b\u044e\u0437\u0435\u0439<\/li>\n \t<li>\u041c\u044b\u0442\u044c\u0435 \u0444\u0430\u0441\u0430\u0434\u043e\u0432 \u0441\u043d\u0430\u0440\u0443\u0436\u0438, \u0432 \u0442\u043e\u043c \u0447\u0438\u0441\u043b\u0435 \u043d\u0430 \u0431\u043e\u043b\u044c\u0448\u043e\u0439 \u0432\u044b\u0441\u043e\u0442\u0435<\/li>\n \t<li>\u0422\u0430\u043a\u0436\u0435 \u0437\u0430\u043d\u0438\u043c\u0430\u0435\u043c\u0441\u044f \u0443\u0431\u043e\u0440\u043a\u043e\u0439 \u043f\u0440\u0438\u043b\u0435\u0433\u0430\u044e\u0449\u0438\u0445 \u0443\u0447\u0430\u0441\u0442\u043a\u043e\u0432 (\u0443\u0431\u043e\u0440\u043a\u0430 \u0441\u043d\u0435\u0433\u0430, \u0443\u0434\u0430\u043b\u0435\u043d\u0438\u0435 \u0441\u043e\u0441\u0443\u043b\u0435\u043a, \u043d\u0430\u043d\u0435\u0441\u0435\u043d\u0438\u0435 \u043f\u0435\u0441\u043a\u0430 \u0438 \u0442.\u0434.)<\/li>\n \t<li>\u0421\u043e\u0434\u0435\u0440\u0436\u0438\u043c \u0432 \u043f\u043e\u0440\u044f\u0434\u043a\u0435 \u043a\u043e\u043c\u043d\u0430\u0442\u043d\u044b\u0435 \u0440\u0430\u0441\u0442\u0435\u043d\u0438\u044f \u0438 \u0443\u043b\u0438\u0447\u043d\u044b\u0435 \u0437\u0435\u043b\u0435\u043d\u044b\u0435 \u043d\u0430\u0441\u0430\u0436\u0434\u0435\u043d\u0438\u044f (\u043a\u043e\u0441\u0438\u043c \u0433\u0430\u0437\u043e\u043d\u044b, \u0443\u0445\u0430\u0436\u0438\u0432\u0430\u0435\u043c \u0437\u0430 \u0440\u0430\u0441\u0442\u0435\u043d\u0438\u044f\u043c\u0438 \u0438 \u0442.\u0434.)<\/li>\n \t<li>\u0417\u0430\u043d\u0438\u043c\u0430\u0435\u043c\u0441\u044f \u043e\u0437\u0435\u043b\u0435\u043d\u0435\u043d\u0438\u0435\u043c<\/li>\n<\/ul>\t\t\t\t\t\t<\/div>\n\t\t\t\t<\/div>\n\t\t\t\t\t<\/div>\n\t\t<\/div>\n\t\t\t\t\t<\/div>\n\t\t<\/section>\n\t\t\t\t<\/div>\n\t\t","protected":false},"excerpt":{"rendered":"<p>Hoolduskoristus Valvekoristus Kojamehe teenused Koristuse erit\u00f6\u00f6d T\u00f6\u00f6de kirjeldus \u0421\u043f\u0435\u0446\u0438\u0430\u043b\u044c\u043d\u044b\u0435 \u0440\u0430\u0431\u043e\u0442\u044b \u043f\u043e \u0447\u0438\u0441\u0442\u043a\u0435: \u0415\u0436\u0435\u0434\u043d\u0435\u0432\u043d\u044b\u0435 \u0443\u0431\u043e\u0440\u043a\u0438 \u0441 \u044d\u043b\u0435\u043c\u0435\u043d\u0442\u0430\u043c\u0438 \u0443\u0445\u043e\u0434\u0430 \u0438 \u0434\u0435\u0436\u0443\u0440\u043d\u044b\u0435 \u0443\u0431\u043e\u0440\u043a\u0438 \u043e\u0441\u043e\u0431\u0435\u043d\u043d\u043e \u044d\u0444\u0444\u0435\u043a\u0442\u0438\u0432\u043d\u044b \u0432 \u0441\u043e\u0447\u0435\u0442\u0430\u043d\u0438\u0438 \u0441 \u0440\u0435\u0433\u0443\u043b\u044f\u0440\u043d\u044b\u043c\u0438 \u0441\u043f\u0435\u0446\u0438\u0430\u043b\u044c\u043d\u044b\u043c\u0438 \u0440\u0430\u0431\u043e\u0442\u0430\u043c\u0438 \u043f\u043e \u0447\u0438\u0441\u0442\u043a\u0435. \u041c\u044b\u0442\u044c\u0435 \u043e\u043a\u043e\u043d \u0427\u0438\u0441\u0442\u043a\u0430 \u0434\u043b\u044f \u043f\u0440\u043e\u0434\u043b\u0435\u043d\u0438\u044f \u0441\u0440\u043e\u043a\u0430 \u0441\u043b\u0443\u0436\u0431\u044b \u0438 \u0441\u043e\u0445\u0440\u0430\u043d\u0435\u043d\u0438\u044f \u043f\u0440\u0438\u0432\u043b\u0435\u043a\u0430\u0442\u0435\u043b\u044c\u043d\u043e\u0441\u0442\u0438 \u0440\u0430\u0437\u043b\u0438\u0447\u043d\u044b\u0445 \u043f\u043e\u043b\u043e\u0432 (\u041f\u0412\u0425, \u043a\u0430\u043c\u0435\u043d\u044c, \u043b\u0430\u043c\u0438\u043d\u0430\u0442, \u0434\u0440\u0435\u0432\u0435\u0441\u0438\u043d\u0430 \u0438 \u0442.\u0434.), \u0432 \u0442\u043e\u043c \u0447\u0438\u0441\u043b\u0435 \u043c\u0430\u0448\u0438\u043d\u043d\u043e\u0435 \u043c\u044b\u0442\u044c\u0435, \u043e\u0431\u0440\u0430\u0431\u043e\u0442\u043a\u0430 \u0437\u0430\u0449\u0438\u0442\u043d\u044b\u043c\u0438 [&hellip;]<\/p>\n","protected":false},"author":1,"featured_media":0,"parent":5169,"menu_order":0,"comment_status":"closed","ping_status":"closed","template":"elementor_header_footer","meta":{"footnotes":""},"class_list":["post-5217","page","type-page","status-publish","hentry"],"_links":{"self":[{"href":"https:\/\/purus.ee\/ru\/wp-json\/wp\/v2\/pages\/5217","targetHints":{"allow":["GET"]}}],"collection":[{"href":"https:\/\/purus.ee\/ru\/wp-json\/wp\/v2\/pages"}],"about":[{"href":"https:\/\/purus.ee\/ru\/wp-json\/wp\/v2\/types\/page"}],"author":[{"embeddable":true,"href":"https:\/\/purus.ee\/ru\/wp-json\/wp\/v2\/users\/1"}],"replies":[{"embeddable":true,"href":"https:\/\/purus.ee\/ru\/wp-json\/wp\/v2\/comments?post=5217"}],"version-history":[{"count":2,"href":"https:\/\/purus.ee\/ru\/wp-json\/wp\/v2\/pages\/5217\/revisions"}],"predecessor-version":[{"id":5439,"href":"https:\/\/purus.ee\/ru\/wp-json\/wp\/v2\/pages\/5217\/revisions\/5439"}],"up":[{"embeddable":true,"href":"https:\/\/purus.ee\/ru\/wp-json\/wp\/v2\/pages\/5169"}],"wp:attachment":[{"href":"https:\/\/purus.ee\/ru\/wp-json\/wp\/v2\/media?parent=5217"}],"curies":[{"name":"wp","href":"https:\/\/api.w.org\/{rel}","templated":true}]}}