{"id":5215,"date":"2021-01-22T12:21:55","date_gmt":"2021-01-22T12:21:55","guid":{"rendered":"https:\/\/turundus.eu\/leht\/purus\/%d1%80%d0%b0%d0%b1%d0%be%d1%82%d1%8b-%d0%bf%d0%be-%d1%87%d0%b8%d1%81%d1%82%d0%ba%d0%b5\/%d1%83%d1%81%d0%bb%d1%83%d0%b3%d0%b8-%d0%b4%d0%b2%d0%be%d1%80%d0%bd%d0%b8%d0%ba%d0%b0\/"},"modified":"2024-06-26T12:55:19","modified_gmt":"2024-06-26T12:55:19","slug":"%d1%83%d1%81%d0%bb%d1%83%d0%b3%d0%b8-%d0%b4%d0%b2%d0%be%d1%80%d0%bd%d0%b8%d0%ba%d0%b0","status":"publish","type":"page","link":"https:\/\/purus.ee\/ru\/%d1%80%d0%b0%d0%b1%d0%be%d1%82%d1%8b-%d0%bf%d0%be-%d1%87%d0%b8%d1%81%d1%82%d0%ba%d0%b5\/%d1%83%d1%81%d0%bb%d1%83%d0%b3%d0%b8-%d0%b4%d0%b2%d0%be%d1%80%d0%bd%d0%b8%d0%ba%d0%b0\/","title":{"rendered":"\u0423\u0441\u043b\u0443\u0433\u0438 \u0434\u0432\u043e\u0440\u043d\u0438\u043a\u0430"},"content":{"rendered":"\t\t<div data-elementor-type=\"wp-page\" data-elementor-id=\"5215\" class=\"elementor elementor-5215 elementor-4253\">\n\t\t\t\t\t\t<section class=\"elementor-section elementor-top-section elementor-element elementor-element-d410f3e elementor-section-boxed elementor-section-height-default elementor-section-height-default\" data-id=\"d410f3e\" data-element_type=\"section\" data-settings=\"{&quot;jet_parallax_layout_list&quot;:[]}\">\n\t\t\t\t\t\t<div class=\"elementor-container elementor-column-gap-default\">\n\t\t\t\t\t<div class=\"elementor-column elementor-col-50 elementor-top-column elementor-element elementor-element-66926f7\" data-id=\"66926f7\" data-element_type=\"column\">\n\t\t\t<div class=\"elementor-widget-wrap elementor-element-populated\">\n\t\t\t\t\t\t<div class=\"elementor-element elementor-element-c3fb7dc single_service__menu elementor-widget elementor-widget-jet-custom-menu\" data-id=\"c3fb7dc\" data-element_type=\"widget\" data-widget_type=\"jet-custom-menu.default\">\n\t\t\t\t<div class=\"elementor-widget-container\">\n\t\t\t<div class=\"menu-puhastustood-rus-container\"><div class=\"jet-custom-nav jet-custom-nav--dropdown-right-side jet-custom-nav--animation-fade\"><div class=\"menu-item menu-item-type-post_type menu-item-object-page jet-custom-nav__item jet-custom-nav__item-5346\"><a href=\"https:\/\/purus.ee\/ru\/%d1%80%d0%b0%d0%b1%d0%be%d1%82%d1%8b-%d0%bf%d0%be-%d1%87%d0%b8%d1%81%d1%82%d0%ba%d0%b5\/%d1%83%d0%b1%d0%be%d1%80%d0%ba%d0%b0-%d1%81-%d1%8d%d0%bb%d0%b5%d0%bc%d0%b5%d0%bd%d1%82%d0%b0%d0%bc%d0%b8-%d1%83%d1%85%d0%be%d0%b4%d0%b0\/\" class=\"jet-custom-nav__item-link\"><span class=\"jet-menu-link-text\"><span class=\"jet-custom-item-label top-level-label\">\u0423\u0431\u043e\u0440\u043a\u0430 \u0441 \u044d\u043b\u0435\u043c\u0435\u043d\u0442\u0430\u043c\u0438 \u0443\u0445\u043e\u0434\u0430<\/span><\/span><\/a><\/div>\n<div class=\"menu-item menu-item-type-post_type menu-item-object-page jet-custom-nav__item jet-custom-nav__item-5347\"><a href=\"https:\/\/purus.ee\/ru\/%d1%80%d0%b0%d0%b1%d0%be%d1%82%d1%8b-%d0%bf%d0%be-%d1%87%d0%b8%d1%81%d1%82%d0%ba%d0%b5\/%d0%b4%d0%b5%d0%b6%d1%83%d1%80%d0%bd%d0%b0%d1%8f-%d1%83%d0%b1%d0%be%d1%80%d0%ba%d0%b0\/\" class=\"jet-custom-nav__item-link\"><span class=\"jet-menu-link-text\"><span class=\"jet-custom-item-label top-level-label\">\u0414\u0435\u0436\u0443\u0440\u043d\u0430\u044f \u0443\u0431\u043e\u0440\u043a\u0430<\/span><\/span><\/a><\/div>\n<div class=\"menu-item menu-item-type-post_type menu-item-object-page jet-custom-nav__item jet-custom-nav__item-5348\"><a href=\"https:\/\/purus.ee\/ru\/%d1%80%d0%b0%d0%b1%d0%be%d1%82%d1%8b-%d0%bf%d0%be-%d1%87%d0%b8%d1%81%d1%82%d0%ba%d0%b5\/%d1%83%d1%81%d0%bb%d1%83%d0%b3%d0%b8-%d0%b4%d0%b2%d0%be%d1%80%d0%bd%d0%b8%d0%ba%d0%b0\/\" class=\"jet-custom-nav__item-link\"><span class=\"jet-menu-link-text\"><span class=\"jet-custom-item-label top-level-label\">\u0423\u0441\u043b\u0443\u0433\u0438 \u0434\u0432\u043e\u0440\u043d\u0438\u043a\u0430<\/span><\/span><\/a><\/div>\n<div class=\"menu-item menu-item-type-post_type menu-item-object-page menu-item-has-children jet-custom-nav__item jet-custom-nav__item-5349\"><a href=\"https:\/\/purus.ee\/ru\/%d1%80%d0%b0%d0%b1%d0%be%d1%82%d1%8b-%d0%bf%d0%be-%d1%87%d0%b8%d1%81%d1%82%d0%ba%d0%b5\/%d1%81%d0%bf%d0%b5%d1%86%d0%b8%d0%b0%d0%bb%d1%8c%d0%bd%d1%8b%d0%b5-%d1%80%d0%b0%d0%b1%d0%be%d1%82%d1%8b-%d0%bf%d0%be-%d1%87%d0%b8%d1%81%d1%82%d0%ba%d0%b5\/\" class=\"jet-custom-nav__item-link\"><span class=\"jet-menu-link-text\"><span class=\"jet-custom-item-label top-level-label\">\u0421\u043f\u0435\u0446\u0438\u0430\u043b\u044c\u043d\u044b\u0435 \u0440\u0430\u0431\u043e\u0442\u044b \u043f\u043e \u0447\u0438\u0441\u0442\u043a\u0435<\/span><\/span><i class=\"jet-dropdown-arrow  fa fa-chevron-right\"><\/i><\/a>\n<div  class=\"jet-custom-nav__sub\">\n\t<div class=\"menu-item menu-item-type-post_type menu-item-object-page jet-custom-nav__item jet-custom-nav__item-5350\"><a href=\"https:\/\/purus.ee\/ru\/%d1%80%d0%b0%d0%b1%d0%be%d1%82%d1%8b-%d0%bf%d0%be-%d1%87%d0%b8%d1%81%d1%82%d0%ba%d0%b5\/%d1%81%d0%bf%d0%b5%d1%86%d0%b8%d0%b0%d0%bb%d1%8c%d0%bd%d1%8b%d0%b5-%d1%80%d0%b0%d0%b1%d0%be%d1%82%d1%8b-%d0%bf%d0%be-%d1%87%d0%b8%d1%81%d1%82%d0%ba%d0%b5\/%d0%be%d0%bf%d0%b8%d1%81%d0%b0%d0%bd%d0%b8%d0%b5-%d1%80%d0%b0%d0%b1%d0%be%d1%82\/\" class=\"jet-custom-nav__item-link\"><span class=\"jet-menu-link-text\"><span class=\"jet-custom-item-label sub-level-label\">\u041e\u043f\u0438\u0441\u0430\u043d\u0438\u0435 \u0440\u0430\u0431\u043e\u0442<\/span><\/span><\/a><\/div>\n<\/div>\n<\/div>\n<\/div><\/div>\t\t<\/div>\n\t\t\t\t<\/div>\n\t\t\t\t\t<\/div>\n\t\t<\/div>\n\t\t\t\t<div class=\"elementor-column elementor-col-50 elementor-top-column elementor-element elementor-element-b5d508d\" data-id=\"b5d508d\" data-element_type=\"column\">\n\t\t\t<div class=\"elementor-widget-wrap elementor-element-populated\">\n\t\t\t\t\t\t<div class=\"elementor-element elementor-element-01a2b02 elementor-widget elementor-widget-heading\" data-id=\"01a2b02\" data-element_type=\"widget\" data-widget_type=\"heading.default\">\n\t\t\t\t<div class=\"elementor-widget-container\">\n\t\t\t<h2 class=\"elementor-heading-title elementor-size-default\">\u0423\u0441\u043b\u0443\u0433\u0438 \u0434\u0432\u043e\u0440\u043d\u0438\u043a\u0430:<\/h2>\t\t<\/div>\n\t\t\t\t<\/div>\n\t\t\t\t<div class=\"elementor-element elementor-element-83a71d1 elementor-widget elementor-widget-text-editor\" data-id=\"83a71d1\" data-element_type=\"widget\" data-widget_type=\"text-editor.default\">\n\t\t\t\t<div class=\"elementor-widget-container\">\n\t\t\t\t\t\t\t<p>\u041f\u0440\u0435\u0434\u043b\u0430\u0433\u0430\u0435\u043c\u044b\u0439 \u0441\u043f\u0435\u043a\u0442\u0440 \u0443\u0441\u043b\u0443\u0433 \u0432\u043a\u043b\u044e\u0447\u0430\u0435\u0442 \u0432\u0441\u044e \u0440\u0430\u0431\u043e\u0442\u0443 \u043f\u043e \u0441\u043e\u0434\u0435\u0440\u0436\u0430\u043d\u0438\u044e \u0432 \u043f\u043e\u0440\u044f\u0434\u043a\u0435 \u0438 \u0447\u0438\u0441\u0442\u043e\u0442\u0435 \u0442\u0435\u0440\u0440\u0438\u0442\u043e\u0440\u0438\u0438 \u0432\u043e\u043a\u0440\u0443\u0433 \u0437\u0434\u0430\u043d\u0438\u0439 \u2013 \u0443\u0436\u0435 \u043d\u0435 \u043d\u0443\u0436\u043d\u043e \u0432\u043e\u043b\u043d\u043e\u0432\u0430\u0442\u044c\u0441\u044f \u043e \u0447\u0438\u0441\u0442\u043e\u0442\u0435 \u0442\u0440\u043e\u0442\u0443\u0430\u0440\u043e\u0432 \u0438 \u043d\u0430\u0440\u0443\u0436\u043d\u044b\u0445 \u043b\u0435\u0441\u0442\u043d\u0438\u0446, \u043e\u0431\u0435\u0441\u043f\u0435\u0447\u0438\u0432\u0430\u0435\u0442\u0441\u044f \u0440\u0435\u0433\u0443\u043b\u044f\u0440\u043d\u043e\u0435 \u043a\u043e\u0448\u0435\u043d\u0438\u0435 \u0433\u0430\u0437\u043e\u043d\u043e\u0432, \u0430 \u0437\u0438\u043c\u043e\u0439 \u0432\u0441\u0435\u0433\u0434\u0430 \u0431\u0443\u0434\u0443\u0442 \u0441\u0432\u043e\u0431\u043e\u0434\u043d\u044b\u0435 \u043e\u0442 \u0441\u043d\u0435\u0433\u0430 \u0434\u043e\u0440\u043e\u0436\u043a\u0438.<\/p>\n\t\t\t\t\t\t<\/div>\n\t\t\t\t<\/div>\n\t\t\t\t\t<\/div>\n\t\t<\/div>\n\t\t\t\t\t<\/div>\n\t\t<\/section>\n\t\t\t\t<\/div>\n\t\t","protected":false},"excerpt":{"rendered":"<p>Hoolduskoristus Valvekoristus Kojamehe teenused Koristuse erit\u00f6\u00f6d T\u00f6\u00f6de kirjeldus \u0423\u0441\u043b\u0443\u0433\u0438 \u0434\u0432\u043e\u0440\u043d\u0438\u043a\u0430: \u041f\u0440\u0435\u0434\u043b\u0430\u0433\u0430\u0435\u043c\u044b\u0439 \u0441\u043f\u0435\u043a\u0442\u0440 \u0443\u0441\u043b\u0443\u0433 \u0432\u043a\u043b\u044e\u0447\u0430\u0435\u0442 \u0432\u0441\u044e \u0440\u0430\u0431\u043e\u0442\u0443 \u043f\u043e \u0441\u043e\u0434\u0435\u0440\u0436\u0430\u043d\u0438\u044e \u0432 \u043f\u043e\u0440\u044f\u0434\u043a\u0435 \u0438 \u0447\u0438\u0441\u0442\u043e\u0442\u0435 \u0442\u0435\u0440\u0440\u0438\u0442\u043e\u0440\u0438\u0438 \u0432\u043e\u043a\u0440\u0443\u0433 \u0437\u0434\u0430\u043d\u0438\u0439 \u2013 \u0443\u0436\u0435 \u043d\u0435 \u043d\u0443\u0436\u043d\u043e \u0432\u043e\u043b\u043d\u043e\u0432\u0430\u0442\u044c\u0441\u044f \u043e \u0447\u0438\u0441\u0442\u043e\u0442\u0435 \u0442\u0440\u043e\u0442\u0443\u0430\u0440\u043e\u0432 \u0438 \u043d\u0430\u0440\u0443\u0436\u043d\u044b\u0445 \u043b\u0435\u0441\u0442\u043d\u0438\u0446, \u043e\u0431\u0435\u0441\u043f\u0435\u0447\u0438\u0432\u0430\u0435\u0442\u0441\u044f \u0440\u0435\u0433\u0443\u043b\u044f\u0440\u043d\u043e\u0435 \u043a\u043e\u0448\u0435\u043d\u0438\u0435 \u0433\u0430\u0437\u043e\u043d\u043e\u0432, \u0430 \u0437\u0438\u043c\u043e\u0439 \u0432\u0441\u0435\u0433\u0434\u0430 \u0431\u0443\u0434\u0443\u0442 \u0441\u0432\u043e\u0431\u043e\u0434\u043d\u044b\u0435 \u043e\u0442 \u0441\u043d\u0435\u0433\u0430 \u0434\u043e\u0440\u043e\u0436\u043a\u0438.<\/p>\n","protected":false},"author":1,"featured_media":0,"parent":5169,"menu_order":0,"comment_status":"closed","ping_status":"closed","template":"elementor_header_footer","meta":{"footnotes":""},"class_list":["post-5215","page","type-page","status-publish","hentry"],"_links":{"self":[{"href":"https:\/\/purus.ee\/ru\/wp-json\/wp\/v2\/pages\/5215","targetHints":{"allow":["GET"]}}],"collection":[{"href":"https:\/\/purus.ee\/ru\/wp-json\/wp\/v2\/pages"}],"about":[{"href":"https:\/\/purus.ee\/ru\/wp-json\/wp\/v2\/types\/page"}],"author":[{"embeddable":true,"href":"https:\/\/purus.ee\/ru\/wp-json\/wp\/v2\/users\/1"}],"replies":[{"embeddable":true,"href":"https:\/\/purus.ee\/ru\/wp-json\/wp\/v2\/comments?post=5215"}],"version-history":[{"count":1,"href":"https:\/\/purus.ee\/ru\/wp-json\/wp\/v2\/pages\/5215\/revisions"}],"predecessor-version":[{"id":5216,"href":"https:\/\/purus.ee\/ru\/wp-json\/wp\/v2\/pages\/5215\/revisions\/5216"}],"up":[{"embeddable":true,"href":"https:\/\/purus.ee\/ru\/wp-json\/wp\/v2\/pages\/5169"}],"wp:attachment":[{"href":"https:\/\/purus.ee\/ru\/wp-json\/wp\/v2\/media?parent=5215"}],"curies":[{"name":"wp","href":"https:\/\/api.w.org\/{rel}","templated":true}]}}