{"id":5213,"date":"2021-01-26T07:53:04","date_gmt":"2021-01-26T07:53:04","guid":{"rendered":"https:\/\/turundus.eu\/leht\/purus\/%d1%80%d0%b0%d0%b1%d0%be%d1%82%d1%8b-%d0%bf%d0%be-%d1%87%d0%b8%d1%81%d1%82%d0%ba%d0%b5\/%d1%83%d0%b1%d0%be%d1%80%d0%ba%d0%b0-%d1%81-%d1%8d%d0%bb%d0%b5%d0%bc%d0%b5%d0%bd%d1%82%d0%b0%d0%bc%d0%b8-%d1%83%d1%85%d0%be%d0%b4%d0%b0\/"},"modified":"2024-06-26T12:16:20","modified_gmt":"2024-06-26T12:16:20","slug":"%d1%83%d0%b1%d0%be%d1%80%d0%ba%d0%b0-%d1%81-%d1%8d%d0%bb%d0%b5%d0%bc%d0%b5%d0%bd%d1%82%d0%b0%d0%bc%d0%b8-%d1%83%d1%85%d0%be%d0%b4%d0%b0","status":"publish","type":"page","link":"https:\/\/purus.ee\/ru\/%d1%80%d0%b0%d0%b1%d0%be%d1%82%d1%8b-%d0%bf%d0%be-%d1%87%d0%b8%d1%81%d1%82%d0%ba%d0%b5\/%d1%83%d0%b1%d0%be%d1%80%d0%ba%d0%b0-%d1%81-%d1%8d%d0%bb%d0%b5%d0%bc%d0%b5%d0%bd%d1%82%d0%b0%d0%bc%d0%b8-%d1%83%d1%85%d0%be%d0%b4%d0%b0\/","title":{"rendered":"\u0423\u0431\u043e\u0440\u043a\u0430 \u0441 \u044d\u043b\u0435\u043c\u0435\u043d\u0442\u0430\u043c\u0438 \u0443\u0445\u043e\u0434\u0430"},"content":{"rendered":"\t\t<div data-elementor-type=\"wp-page\" data-elementor-id=\"5213\" class=\"elementor elementor-5213 elementor-4587\">\n\t\t\t\t\t\t<section class=\"elementor-section elementor-top-section elementor-element elementor-element-507c261 elementor-section-boxed elementor-section-height-default elementor-section-height-default\" data-id=\"507c261\" data-element_type=\"section\" data-settings=\"{&quot;jet_parallax_layout_list&quot;:[]}\">\n\t\t\t\t\t\t<div class=\"elementor-container elementor-column-gap-default\">\n\t\t\t\t\t<div class=\"elementor-column elementor-col-50 elementor-top-column elementor-element elementor-element-9fec2ff\" data-id=\"9fec2ff\" data-element_type=\"column\">\n\t\t\t<div class=\"elementor-widget-wrap elementor-element-populated\">\n\t\t\t\t\t\t<div class=\"elementor-element elementor-element-e25467e single_service__menu elementor-widget elementor-widget-jet-custom-menu\" data-id=\"e25467e\" data-element_type=\"widget\" data-widget_type=\"jet-custom-menu.default\">\n\t\t\t\t<div class=\"elementor-widget-container\">\n\t\t\t<div class=\"menu-puhastustood-rus-container\"><div class=\"jet-custom-nav jet-custom-nav--dropdown-right-side jet-custom-nav--animation-fade\"><div class=\"menu-item menu-item-type-post_type menu-item-object-page jet-custom-nav__item jet-custom-nav__item-5346\"><a href=\"https:\/\/purus.ee\/ru\/%d1%80%d0%b0%d0%b1%d0%be%d1%82%d1%8b-%d0%bf%d0%be-%d1%87%d0%b8%d1%81%d1%82%d0%ba%d0%b5\/%d1%83%d0%b1%d0%be%d1%80%d0%ba%d0%b0-%d1%81-%d1%8d%d0%bb%d0%b5%d0%bc%d0%b5%d0%bd%d1%82%d0%b0%d0%bc%d0%b8-%d1%83%d1%85%d0%be%d0%b4%d0%b0\/\" class=\"jet-custom-nav__item-link\"><span class=\"jet-menu-link-text\"><span class=\"jet-custom-item-label top-level-label\">\u0423\u0431\u043e\u0440\u043a\u0430 \u0441 \u044d\u043b\u0435\u043c\u0435\u043d\u0442\u0430\u043c\u0438 \u0443\u0445\u043e\u0434\u0430<\/span><\/span><\/a><\/div>\n<div class=\"menu-item menu-item-type-post_type menu-item-object-page jet-custom-nav__item jet-custom-nav__item-5347\"><a href=\"https:\/\/purus.ee\/ru\/%d1%80%d0%b0%d0%b1%d0%be%d1%82%d1%8b-%d0%bf%d0%be-%d1%87%d0%b8%d1%81%d1%82%d0%ba%d0%b5\/%d0%b4%d0%b5%d0%b6%d1%83%d1%80%d0%bd%d0%b0%d1%8f-%d1%83%d0%b1%d0%be%d1%80%d0%ba%d0%b0\/\" class=\"jet-custom-nav__item-link\"><span class=\"jet-menu-link-text\"><span class=\"jet-custom-item-label top-level-label\">\u0414\u0435\u0436\u0443\u0440\u043d\u0430\u044f \u0443\u0431\u043e\u0440\u043a\u0430<\/span><\/span><\/a><\/div>\n<div class=\"menu-item menu-item-type-post_type menu-item-object-page jet-custom-nav__item jet-custom-nav__item-5348\"><a href=\"https:\/\/purus.ee\/ru\/%d1%80%d0%b0%d0%b1%d0%be%d1%82%d1%8b-%d0%bf%d0%be-%d1%87%d0%b8%d1%81%d1%82%d0%ba%d0%b5\/%d1%83%d1%81%d0%bb%d1%83%d0%b3%d0%b8-%d0%b4%d0%b2%d0%be%d1%80%d0%bd%d0%b8%d0%ba%d0%b0\/\" class=\"jet-custom-nav__item-link\"><span class=\"jet-menu-link-text\"><span class=\"jet-custom-item-label top-level-label\">\u0423\u0441\u043b\u0443\u0433\u0438 \u0434\u0432\u043e\u0440\u043d\u0438\u043a\u0430<\/span><\/span><\/a><\/div>\n<div class=\"menu-item menu-item-type-post_type menu-item-object-page menu-item-has-children jet-custom-nav__item jet-custom-nav__item-5349\"><a href=\"https:\/\/purus.ee\/ru\/%d1%80%d0%b0%d0%b1%d0%be%d1%82%d1%8b-%d0%bf%d0%be-%d1%87%d0%b8%d1%81%d1%82%d0%ba%d0%b5\/%d1%81%d0%bf%d0%b5%d1%86%d0%b8%d0%b0%d0%bb%d1%8c%d0%bd%d1%8b%d0%b5-%d1%80%d0%b0%d0%b1%d0%be%d1%82%d1%8b-%d0%bf%d0%be-%d1%87%d0%b8%d1%81%d1%82%d0%ba%d0%b5\/\" class=\"jet-custom-nav__item-link\"><span class=\"jet-menu-link-text\"><span class=\"jet-custom-item-label top-level-label\">\u0421\u043f\u0435\u0446\u0438\u0430\u043b\u044c\u043d\u044b\u0435 \u0440\u0430\u0431\u043e\u0442\u044b \u043f\u043e \u0447\u0438\u0441\u0442\u043a\u0435<\/span><\/span><i class=\"jet-dropdown-arrow  fa fa-chevron-right\"><\/i><\/a>\n<div  class=\"jet-custom-nav__sub\">\n\t<div class=\"menu-item menu-item-type-post_type menu-item-object-page jet-custom-nav__item jet-custom-nav__item-5350\"><a href=\"https:\/\/purus.ee\/ru\/%d1%80%d0%b0%d0%b1%d0%be%d1%82%d1%8b-%d0%bf%d0%be-%d1%87%d0%b8%d1%81%d1%82%d0%ba%d0%b5\/%d1%81%d0%bf%d0%b5%d1%86%d0%b8%d0%b0%d0%bb%d1%8c%d0%bd%d1%8b%d0%b5-%d1%80%d0%b0%d0%b1%d0%be%d1%82%d1%8b-%d0%bf%d0%be-%d1%87%d0%b8%d1%81%d1%82%d0%ba%d0%b5\/%d0%be%d0%bf%d0%b8%d1%81%d0%b0%d0%bd%d0%b8%d0%b5-%d1%80%d0%b0%d0%b1%d0%be%d1%82\/\" class=\"jet-custom-nav__item-link\"><span class=\"jet-menu-link-text\"><span class=\"jet-custom-item-label sub-level-label\">\u041e\u043f\u0438\u0441\u0430\u043d\u0438\u0435 \u0440\u0430\u0431\u043e\u0442<\/span><\/span><\/a><\/div>\n<\/div>\n<\/div>\n<\/div><\/div>\t\t<\/div>\n\t\t\t\t<\/div>\n\t\t\t\t\t<\/div>\n\t\t<\/div>\n\t\t\t\t<div class=\"elementor-column elementor-col-50 elementor-top-column elementor-element elementor-element-2e1a74f\" data-id=\"2e1a74f\" data-element_type=\"column\">\n\t\t\t<div class=\"elementor-widget-wrap elementor-element-populated\">\n\t\t\t\t\t\t<div class=\"elementor-element elementor-element-146306c elementor-widget elementor-widget-text-editor\" data-id=\"146306c\" data-element_type=\"widget\" data-widget_type=\"text-editor.default\">\n\t\t\t\t<div class=\"elementor-widget-container\">\n\t\t\t\t\t\t\t<ul>\n<li>\u0432\u0441\u0435 \u0440\u0430\u0431\u043e\u0442\u044b \u043f\u043e \u0447\u0438\u0441\u0442\u043a\u0435 \u0432\u043d\u0443\u0442\u0440\u0435\u043d\u043d\u0438\u0445 \u043f\u043e\u043c\u0435\u0449\u0435\u043d\u0438\u0439, \u043a\u043e\u0442\u043e\u0440\u044b\u0435 \u044f\u0432\u043b\u044f\u044e\u0442\u0441\u044f \u043f\u043e \u0441\u0443\u0442\u0438 \u0435\u0436\u0435\u0434\u043d\u0435\u0432\u043d\u044b\u043c\u0438 \u0438 \u0432\u044b\u043f\u043e\u043b\u043d\u044f\u044e\u0442\u0441\u044f \u0432 \u043d\u0430\u0437\u043d\u0430\u0447\u0435\u043d\u043d\u043e\u0435 \u0432\u0440\u0435\u043c\u044f<\/li>\n<li>\u0443\u0447\u0438\u0442\u044b\u0432\u0430\u0435\u043c \u0438\u043d\u0434\u0438\u0432\u0438\u0434\u0443\u0430\u043b\u044c\u043d\u044b\u0435 \u043f\u043e\u0436\u0435\u043b\u0430\u043d\u0438\u044f \u0440\u0430\u0431\u043e\u0442\u043d\u0438\u043a\u043e\u0432 \u043f\u0440\u0438 \u0443\u0431\u043e\u0440\u043a\u0435 \u0438\u0445 \u043f\u043e\u043c\u0435\u0449\u0435\u043d\u0438\u0439<\/li>\n<li>\u0441\u043d\u0430\u0431\u0436\u0430\u0435\u043c \u043f\u043e\u043c\u0435\u0449\u0435\u043d\u0438\u044f \u043a\u043b\u0438\u0435\u043d\u0442\u0430 \u0442\u0430\u043a\u0438\u043c\u0438 \u0433\u0438\u0433\u0438\u0435\u043d\u0438\u0447\u0435\u0441\u043a\u0438\u043c\u0438 \u043f\u0440\u0438\u043d\u0430\u0434\u043b\u0435\u0436\u043d\u043e\u0441\u0442\u044f\u043c\u0438 \u043a\u0430\u043a \u0442\u0443\u0430\u043b\u0435\u0442\u043d\u0430\u044f \u0431\u0443\u043c\u0430\u0433\u0430, \u043c\u044b\u043b\u043e \u0438 \u0431\u0443\u043c\u0430\u0436\u043d\u044b\u0435 \u043f\u043e\u043b\u043e\u0442\u0435\u043d\u0446\u0430<\/li>\n<li>\u0441\u0434\u0430\u0435\u043c \u0432 \u0430\u0440\u0435\u043d\u0434\u0443 \u0432\u043f\u0438\u0442\u044b\u0432\u0430\u044e\u0449\u0438\u0435 \u0433\u0440\u044f\u0437\u044c \u043a\u043e\u0432\u0440\u044b<\/li>\n<li>\u043c\u043e\u0435\u043c \u043f\u043e\u0441\u0443\u0434\u0443<\/li>\n<li>\u0443\u0434\u0430\u043b\u044f\u0435\u043c \u043b\u0435\u0433\u043a\u0438\u0435 \u043f\u044f\u0442\u043d\u0430<\/li>\n<li>\u0443\u0445\u0430\u0436\u0438\u0432\u0430\u0435\u043c \u0437\u0430 \u0440\u0430\u0441\u0442\u0435\u043d\u0438\u044f\u043c\u0438 \u0438 \u0442.\u043f.<\/li>\n<\/ul>\t\t\t\t\t\t<\/div>\n\t\t\t\t<\/div>\n\t\t\t\t\t<\/div>\n\t\t<\/div>\n\t\t\t\t\t<\/div>\n\t\t<\/section>\n\t\t\t\t<\/div>\n\t\t","protected":false},"excerpt":{"rendered":"<p>Hoolduskoristus Valvekoristus Kojamehe teenused Koristuse erit\u00f6\u00f6d T\u00f6\u00f6de kirjeldus \u0432\u0441\u0435 \u0440\u0430\u0431\u043e\u0442\u044b \u043f\u043e \u0447\u0438\u0441\u0442\u043a\u0435 \u0432\u043d\u0443\u0442\u0440\u0435\u043d\u043d\u0438\u0445 \u043f\u043e\u043c\u0435\u0449\u0435\u043d\u0438\u0439, \u043a\u043e\u0442\u043e\u0440\u044b\u0435 \u044f\u0432\u043b\u044f\u044e\u0442\u0441\u044f \u043f\u043e \u0441\u0443\u0442\u0438 \u0435\u0436\u0435\u0434\u043d\u0435\u0432\u043d\u044b\u043c\u0438 \u0438 \u0432\u044b\u043f\u043e\u043b\u043d\u044f\u044e\u0442\u0441\u044f \u0432 \u043d\u0430\u0437\u043d\u0430\u0447\u0435\u043d\u043d\u043e\u0435 \u0432\u0440\u0435\u043c\u044f \u0443\u0447\u0438\u0442\u044b\u0432\u0430\u0435\u043c \u0438\u043d\u0434\u0438\u0432\u0438\u0434\u0443\u0430\u043b\u044c\u043d\u044b\u0435 \u043f\u043e\u0436\u0435\u043b\u0430\u043d\u0438\u044f \u0440\u0430\u0431\u043e\u0442\u043d\u0438\u043a\u043e\u0432 \u043f\u0440\u0438 \u0443\u0431\u043e\u0440\u043a\u0435 \u0438\u0445 \u043f\u043e\u043c\u0435\u0449\u0435\u043d\u0438\u0439 \u0441\u043d\u0430\u0431\u0436\u0430\u0435\u043c \u043f\u043e\u043c\u0435\u0449\u0435\u043d\u0438\u044f \u043a\u043b\u0438\u0435\u043d\u0442\u0430 \u0442\u0430\u043a\u0438\u043c\u0438 \u0433\u0438\u0433\u0438\u0435\u043d\u0438\u0447\u0435\u0441\u043a\u0438\u043c\u0438 \u043f\u0440\u0438\u043d\u0430\u0434\u043b\u0435\u0436\u043d\u043e\u0441\u0442\u044f\u043c\u0438 \u043a\u0430\u043a \u0442\u0443\u0430\u043b\u0435\u0442\u043d\u0430\u044f \u0431\u0443\u043c\u0430\u0433\u0430, \u043c\u044b\u043b\u043e \u0438 \u0431\u0443\u043c\u0430\u0436\u043d\u044b\u0435 \u043f\u043e\u043b\u043e\u0442\u0435\u043d\u0446\u0430 \u0441\u0434\u0430\u0435\u043c \u0432 \u0430\u0440\u0435\u043d\u0434\u0443 \u0432\u043f\u0438\u0442\u044b\u0432\u0430\u044e\u0449\u0438\u0435 \u0433\u0440\u044f\u0437\u044c \u043a\u043e\u0432\u0440\u044b \u043c\u043e\u0435\u043c \u043f\u043e\u0441\u0443\u0434\u0443 \u0443\u0434\u0430\u043b\u044f\u0435\u043c \u043b\u0435\u0433\u043a\u0438\u0435 [&hellip;]<\/p>\n","protected":false},"author":1,"featured_media":0,"parent":5169,"menu_order":0,"comment_status":"closed","ping_status":"closed","template":"elementor_header_footer","meta":{"footnotes":""},"class_list":["post-5213","page","type-page","status-publish","hentry"],"_links":{"self":[{"href":"https:\/\/purus.ee\/ru\/wp-json\/wp\/v2\/pages\/5213","targetHints":{"allow":["GET"]}}],"collection":[{"href":"https:\/\/purus.ee\/ru\/wp-json\/wp\/v2\/pages"}],"about":[{"href":"https:\/\/purus.ee\/ru\/wp-json\/wp\/v2\/types\/page"}],"author":[{"embeddable":true,"href":"https:\/\/purus.ee\/ru\/wp-json\/wp\/v2\/users\/1"}],"replies":[{"embeddable":true,"href":"https:\/\/purus.ee\/ru\/wp-json\/wp\/v2\/comments?post=5213"}],"version-history":[{"count":1,"href":"https:\/\/purus.ee\/ru\/wp-json\/wp\/v2\/pages\/5213\/revisions"}],"predecessor-version":[{"id":5214,"href":"https:\/\/purus.ee\/ru\/wp-json\/wp\/v2\/pages\/5213\/revisions\/5214"}],"up":[{"embeddable":true,"href":"https:\/\/purus.ee\/ru\/wp-json\/wp\/v2\/pages\/5169"}],"wp:attachment":[{"href":"https:\/\/purus.ee\/ru\/wp-json\/wp\/v2\/media?parent=5213"}],"curies":[{"name":"wp","href":"https:\/\/api.w.org\/{rel}","templated":true}]}}