{"id":5207,"date":"2021-01-13T15:29:35","date_gmt":"2021-01-13T15:29:35","guid":{"rendered":"https:\/\/turundus.eu\/leht\/purus\/%d1%81%d1%82%d1%80%d0%be%d0%b8%d1%82%d0%b5%d0%bb%d1%8c%d1%81%d1%82%d0%b2%d0%be\/%d0%bd%d0%b0%d0%b4%d0%b7%d0%be%d1%80\/"},"modified":"2024-06-28T11:09:34","modified_gmt":"2024-06-28T11:09:34","slug":"%d0%bd%d0%b0%d0%b4%d0%b7%d0%be%d1%80","status":"publish","type":"page","link":"https:\/\/purus.ee\/ru\/%d1%81%d1%82%d1%80%d0%be%d0%b8%d1%82%d0%b5%d0%bb%d1%8c%d1%81%d1%82%d0%b2%d0%be\/%d0%bd%d0%b0%d0%b4%d0%b7%d0%be%d1%80\/","title":{"rendered":"\u041d\u0430\u0434\u0437\u043e\u0440"},"content":{"rendered":"\t\t<div data-elementor-type=\"wp-page\" data-elementor-id=\"5207\" class=\"elementor elementor-5207\">\n\t\t\t\t\t\t<section class=\"elementor-section elementor-top-section elementor-element elementor-element-0d86f5c elementor-section-boxed elementor-section-height-default elementor-section-height-default\" data-id=\"0d86f5c\" data-element_type=\"section\" data-settings=\"{&quot;jet_parallax_layout_list&quot;:[{&quot;jet_parallax_layout_image&quot;:{&quot;url&quot;:&quot;&quot;,&quot;id&quot;:&quot;&quot;,&quot;size&quot;:&quot;&quot;},&quot;_id&quot;:&quot;bf012db&quot;,&quot;jet_parallax_layout_image_tablet&quot;:{&quot;url&quot;:&quot;&quot;,&quot;id&quot;:&quot;&quot;,&quot;size&quot;:&quot;&quot;},&quot;jet_parallax_layout_image_mobile&quot;:{&quot;url&quot;:&quot;&quot;,&quot;id&quot;:&quot;&quot;,&quot;size&quot;:&quot;&quot;},&quot;jet_parallax_layout_speed&quot;:{&quot;unit&quot;:&quot;%&quot;,&quot;size&quot;:50,&quot;sizes&quot;:[]},&quot;jet_parallax_layout_type&quot;:&quot;scroll&quot;,&quot;jet_parallax_layout_direction&quot;:null,&quot;jet_parallax_layout_fx_direction&quot;:null,&quot;jet_parallax_layout_z_index&quot;:&quot;&quot;,&quot;jet_parallax_layout_bg_x&quot;:50,&quot;jet_parallax_layout_bg_x_tablet&quot;:&quot;&quot;,&quot;jet_parallax_layout_bg_x_mobile&quot;:&quot;&quot;,&quot;jet_parallax_layout_bg_y&quot;:50,&quot;jet_parallax_layout_bg_y_tablet&quot;:&quot;&quot;,&quot;jet_parallax_layout_bg_y_mobile&quot;:&quot;&quot;,&quot;jet_parallax_layout_bg_size&quot;:&quot;auto&quot;,&quot;jet_parallax_layout_bg_size_tablet&quot;:&quot;&quot;,&quot;jet_parallax_layout_bg_size_mobile&quot;:&quot;&quot;,&quot;jet_parallax_layout_animation_prop&quot;:&quot;transform&quot;,&quot;jet_parallax_layout_on&quot;:[&quot;desktop&quot;,&quot;tablet&quot;]}]}\">\n\t\t\t\t\t\t<div class=\"elementor-container elementor-column-gap-no\">\n\t\t\t\t\t<div class=\"jet-sticky-column elementor-column elementor-col-50 elementor-top-column elementor-element elementor-element-cd2f5cc\" data-jet-settings=\"{&quot;id&quot;:&quot;cd2f5cc&quot;,&quot;sticky&quot;:true,&quot;topSpacing&quot;:50,&quot;bottomSpacing&quot;:50,&quot;stickyOn&quot;:[&quot;desktop&quot;]}\" data-id=\"cd2f5cc\" data-element_type=\"column\">\n\t\t\t<div class=\"elementor-widget-wrap elementor-element-populated\">\n\t\t\t\t\t\t<div class=\"elementor-element elementor-element-9907eab single_service__menu elementor-widget elementor-widget-jet-custom-menu\" data-id=\"9907eab\" data-element_type=\"widget\" data-widget_type=\"jet-custom-menu.default\">\n\t\t\t\t<div class=\"elementor-widget-container\">\n\t\t\t<div class=\"menu-ehitus-rus-container\"><div class=\"jet-custom-nav jet-custom-nav--dropdown-right-side jet-custom-nav--animation-fade\"><div class=\"menu-item menu-item-type-post_type menu-item-object-page jet-custom-nav__item jet-custom-nav__item-5285\"><a href=\"https:\/\/purus.ee\/ru\/%d1%81%d1%82%d1%80%d0%be%d0%b8%d1%82%d0%b5%d0%bb%d1%8c%d1%81%d1%82%d0%b2%d0%be\/%d1%83%d0%bf%d1%80%d0%b0%d0%b2%d0%bb%d0%b5%d0%bd%d0%b8%d0%b5-%d0%b8-%d1%83%d1%85%d0%be%d0%b4\/\" class=\"jet-custom-nav__item-link\"><span class=\"jet-menu-link-text\"><span class=\"jet-custom-item-label top-level-label\">\u0423\u043f\u0440\u0430\u0432\u043b\u0435\u043d\u0438\u0435 \u0438 \u0443\u0445\u043e\u0434<\/span><\/span><\/a><\/div>\n<div class=\"menu-item menu-item-type-post_type menu-item-object-page jet-custom-nav__item jet-custom-nav__item-5286\"><a href=\"https:\/\/purus.ee\/ru\/%d1%81%d1%82%d1%80%d0%be%d0%b8%d1%82%d0%b5%d0%bb%d1%8c%d1%81%d1%82%d0%b2%d0%be\/%d1%80%d0%b5%d0%bc%d0%be%d0%bd%d1%82-%d0%b8-%d1%81%d1%82%d1%80%d0%be%d0%b8%d1%82%d0%b5%d0%bb%d1%8c%d1%81%d1%82%d0%b2%d0%be\/\" class=\"jet-custom-nav__item-link\"><span class=\"jet-menu-link-text\"><span class=\"jet-custom-item-label top-level-label\">\u0420\u0435\u043c\u043e\u043d\u0442 \u0438 \u0441\u0442\u0440\u043e\u0438\u0442\u0435\u043b\u044c\u0441\u0442\u0432\u043e<\/span><\/span><\/a><\/div>\n<div class=\"menu-item menu-item-type-post_type menu-item-object-page jet-custom-nav__item jet-custom-nav__item-5287\"><a href=\"https:\/\/purus.ee\/ru\/%d1%81%d1%82%d1%80%d0%be%d0%b8%d1%82%d0%b5%d0%bb%d1%8c%d1%81%d1%82%d0%b2%d0%be\/%d0%bd%d0%b0%d0%b4%d0%b7%d0%be%d1%80\/\" class=\"jet-custom-nav__item-link\"><span class=\"jet-menu-link-text\"><span class=\"jet-custom-item-label top-level-label\">\u041d\u0430\u0434\u0437\u043e\u0440<\/span><\/span><\/a><\/div>\n<\/div><\/div>\t\t<\/div>\n\t\t\t\t<\/div>\n\t\t\t\t\t<\/div>\n\t\t<\/div>\n\t\t\t\t<div class=\"elementor-column elementor-col-50 elementor-top-column elementor-element elementor-element-21355ae\" data-id=\"21355ae\" data-element_type=\"column\">\n\t\t\t<div class=\"elementor-widget-wrap elementor-element-populated\">\n\t\t\t\t\t\t<div class=\"elementor-element elementor-element-766f553 elementor-widget elementor-widget-heading\" data-id=\"766f553\" data-element_type=\"widget\" data-widget_type=\"heading.default\">\n\t\t\t\t<div class=\"elementor-widget-container\">\n\t\t\t<h2 class=\"elementor-heading-title elementor-size-default\">\u041d\u0430\u0434\u0437\u043e\u0440 \u0437\u0430 \u0440\u0435\u043c\u043e\u043d\u0442\u043d\u044b\u043c\u0438 \u0438 \u0441\u0442\u0440\u043e\u0438\u0442\u0435\u043b\u044c\u043d\u044b\u043c\u0438 \u0440\u0430\u0431\u043e\u0442\u0430\u043c\u0438:<\/h2>\t\t<\/div>\n\t\t\t\t<\/div>\n\t\t\t\t<div class=\"elementor-element elementor-element-afe6428 elementor-widget elementor-widget-text-editor\" data-id=\"afe6428\" data-element_type=\"widget\" data-widget_type=\"text-editor.default\">\n\t\t\t\t<div class=\"elementor-widget-container\">\n\t\t\t\t\t\t\t\u041a\u043e\u043d\u0442\u0440\u043e\u043b\u044c \u0441\u043e\u0431\u043b\u044e\u0434\u0435\u043d\u0438\u044f \u0434\u043e\u0433\u043e\u0432\u043e\u0440\u043e\u0432 \u043e\u0431 \u043e\u043a\u0430\u0437\u0430\u043d\u0438\u0438 \u0443\u0441\u043b\u0443\u0433\n\u0420\u0435\u043c\u043e\u043d\u0442\u043d\u044b\u0439 \u043d\u0430\u0434\u0437\u043e\u0440 \u0438 \u043a\u043e\u043d\u0442\u0440\u043e\u043b\u044c \u043a\u0430\u0447\u0435\u0441\u0442\u0432\u0430\t\t\t\t\t\t<\/div>\n\t\t\t\t<\/div>\n\t\t\t\t\t<\/div>\n\t\t<\/div>\n\t\t\t\t\t<\/div>\n\t\t<\/section>\n\t\t\t\t<\/div>\n\t\t","protected":false},"excerpt":{"rendered":"<p>Haldus-ja hooldus Remont- ja ehitust\u00f6\u00f6 J\u00e4relvalve \u041d\u0430\u0434\u0437\u043e\u0440 \u0437\u0430 \u0440\u0435\u043c\u043e\u043d\u0442\u043d\u044b\u043c\u0438 \u0438 \u0441\u0442\u0440\u043e\u0438\u0442\u0435\u043b\u044c\u043d\u044b\u043c\u0438 \u0440\u0430\u0431\u043e\u0442\u0430\u043c\u0438: \u041a\u043e\u043d\u0442\u0440\u043e\u043b\u044c \u0441\u043e\u0431\u043b\u044e\u0434\u0435\u043d\u0438\u044f \u0434\u043e\u0433\u043e\u0432\u043e\u0440\u043e\u0432 \u043e\u0431 \u043e\u043a\u0430\u0437\u0430\u043d\u0438\u0438 \u0443\u0441\u043b\u0443\u0433 \u0420\u0435\u043c\u043e\u043d\u0442\u043d\u044b\u0439 \u043d\u0430\u0434\u0437\u043e\u0440 \u0438 \u043a\u043e\u043d\u0442\u0440\u043e\u043b\u044c \u043a\u0430\u0447\u0435\u0441\u0442\u0432\u0430<\/p>\n","protected":false},"author":1,"featured_media":0,"parent":5165,"menu_order":0,"comment_status":"closed","ping_status":"closed","template":"elementor_header_footer","meta":{"footnotes":""},"class_list":["post-5207","page","type-page","status-publish","hentry"],"_links":{"self":[{"href":"https:\/\/purus.ee\/ru\/wp-json\/wp\/v2\/pages\/5207","targetHints":{"allow":["GET"]}}],"collection":[{"href":"https:\/\/purus.ee\/ru\/wp-json\/wp\/v2\/pages"}],"about":[{"href":"https:\/\/purus.ee\/ru\/wp-json\/wp\/v2\/types\/page"}],"author":[{"embeddable":true,"href":"https:\/\/purus.ee\/ru\/wp-json\/wp\/v2\/users\/1"}],"replies":[{"embeddable":true,"href":"https:\/\/purus.ee\/ru\/wp-json\/wp\/v2\/comments?post=5207"}],"version-history":[{"count":5,"href":"https:\/\/purus.ee\/ru\/wp-json\/wp\/v2\/pages\/5207\/revisions"}],"predecessor-version":[{"id":5514,"href":"https:\/\/purus.ee\/ru\/wp-json\/wp\/v2\/pages\/5207\/revisions\/5514"}],"up":[{"embeddable":true,"href":"https:\/\/purus.ee\/ru\/wp-json\/wp\/v2\/pages\/5165"}],"wp:attachment":[{"href":"https:\/\/purus.ee\/ru\/wp-json\/wp\/v2\/media?parent=5207"}],"curies":[{"name":"wp","href":"https:\/\/api.w.org\/{rel}","templated":true}]}}