{"id":5809,"date":"2026-01-16T11:59:00","date_gmt":"2026-01-16T11:59:00","guid":{"rendered":"https:\/\/purus.ee\/ilmanvaihtotyot\/"},"modified":"2026-03-21T15:18:48","modified_gmt":"2026-03-21T15:18:48","slug":"ilmanvaihtotyot","status":"publish","type":"page","link":"https:\/\/purus.ee\/fi\/ilmanvaihtotyot\/","title":{"rendered":"Ilmanvaihtoty\u00f6t"},"content":{"rendered":"\t\t<div data-elementor-type=\"wp-page\" data-elementor-id=\"5809\" class=\"elementor elementor-5809 elementor-5787\">\n\t\t\t\t\t\t<section class=\"elementor-section elementor-top-section elementor-element elementor-element-507c261 elementor-section-boxed elementor-section-height-default elementor-section-height-default\" data-id=\"507c261\" data-element_type=\"section\" data-settings=\"{&quot;jet_parallax_layout_list&quot;:[]}\">\n\t\t\t\t\t\t<div class=\"elementor-container elementor-column-gap-default\">\n\t\t\t\t\t<div class=\"elementor-column elementor-col-50 elementor-top-column elementor-element elementor-element-9fec2ff\" data-id=\"9fec2ff\" data-element_type=\"column\">\n\t\t\t<div class=\"elementor-widget-wrap elementor-element-populated\">\n\t\t\t\t\t\t<div class=\"elementor-element elementor-element-e25467e single_service__menu elementor-widget elementor-widget-jet-custom-menu\" data-id=\"e25467e\" data-element_type=\"widget\" data-widget_type=\"jet-custom-menu.default\">\n\t\t\t\t<div class=\"elementor-widget-container\">\n\t\t\t<div class=\"menu-puhastustood-fin-container\"><div class=\"jet-custom-nav jet-custom-nav--dropdown-right-side jet-custom-nav--animation-fade\"><div class=\"menu-item menu-item-type-post_type menu-item-object-page jet-custom-nav__item jet-custom-nav__item-5341\"><a href=\"https:\/\/purus.ee\/fi\/siivouspalvelut\/paivittainen-siivous\/\" class=\"jet-custom-nav__item-link\"><span class=\"jet-menu-link-text\"><span class=\"jet-custom-item-label top-level-label\">P\u00e4ivitt\u00e4inen siivous<\/span><\/span><\/a><\/div>\n<div class=\"menu-item menu-item-type-post_type menu-item-object-page jet-custom-nav__item jet-custom-nav__item-5342\"><a href=\"https:\/\/purus.ee\/fi\/siivouspalvelut\/siivouspaivystys\/\" class=\"jet-custom-nav__item-link\"><span class=\"jet-menu-link-text\"><span class=\"jet-custom-item-label top-level-label\">Siivousp\u00e4ivystys<\/span><\/span><\/a><\/div>\n<div class=\"menu-item menu-item-type-post_type menu-item-object-page jet-custom-nav__item jet-custom-nav__item-5343\"><a href=\"https:\/\/purus.ee\/fi\/siivouspalvelut\/talonmiespalvelu\/\" class=\"jet-custom-nav__item-link\"><span class=\"jet-menu-link-text\"><span class=\"jet-custom-item-label top-level-label\">Talonmiespalvelu<\/span><\/span><\/a><\/div>\n<div class=\"menu-item menu-item-type-post_type menu-item-object-page menu-item-has-children jet-custom-nav__item jet-custom-nav__item-5344\"><a href=\"https:\/\/purus.ee\/fi\/siivouspalvelut\/erikoissiivouspalvelut\/\" class=\"jet-custom-nav__item-link\"><span class=\"jet-menu-link-text\"><span class=\"jet-custom-item-label top-level-label\">Erikoissiivouspalvelut<\/span><\/span><i class=\"jet-dropdown-arrow  fa fa-chevron-right\"><\/i><\/a>\n<div  class=\"jet-custom-nav__sub\">\n\t<div class=\"menu-item menu-item-type-post_type menu-item-object-page jet-custom-nav__item jet-custom-nav__item-5345\"><a href=\"https:\/\/purus.ee\/fi\/siivouspalvelut\/erikoissiivouspalvelut\/toiden-kuvaus\/\" class=\"jet-custom-nav__item-link\"><span class=\"jet-menu-link-text\"><span class=\"jet-custom-item-label sub-level-label\">T\u00f6iden kuvaus<\/span><\/span><\/a><\/div>\n<\/div>\n<\/div>\n<\/div><\/div>\t\t<\/div>\n\t\t\t\t<\/div>\n\t\t\t\t\t<\/div>\n\t\t<\/div>\n\t\t\t\t<div class=\"elementor-column elementor-col-50 elementor-top-column elementor-element elementor-element-2e1a74f\" data-id=\"2e1a74f\" data-element_type=\"column\">\n\t\t\t<div class=\"elementor-widget-wrap elementor-element-populated\">\n\t\t\t\t\t\t<div class=\"elementor-element elementor-element-146306c elementor-widget elementor-widget-text-editor\" data-id=\"146306c\" data-element_type=\"widget\" data-widget_type=\"text-editor.default\">\n\t\t\t\t<div class=\"elementor-widget-container\">\n\t\t\t\t\t\t\t<h3>Ilmanvaihtoj\u00e4rjestelmien tarkastus, valvonta ja huolto<\/h3>\n<p>Tarjoamme ammattimaisia ilmanvaihto- ja j\u00e4\u00e4hdytysj\u00e4rjestelmien huoltoratkaisuja, jotka varmistavat puhtaan sis\u00e4ilman, energiatehokkaan toiminnan ja rakennusten turvallisuuden. Huollamme liike-, julkisia ja teollisuusrakennuksia kunkin kohteen erityispiirteet huomioiden.Teenindame \u00e4ri-, avalikke ja t\u00f6\u00f6stushooneid, l\u00e4htudes iga objekti erip\u00e4rast.<\/p>\n<h3>Ilmanvaihtoj\u00e4rjestelm\u00e4n puhdistus<\/h3>\n<p>Ilmanvaihtokanavien puhdistus auttaa poistamaan p\u00f6ly\u00e4, likaa, kosteutta ja bakteereja, jotka voivat aiheuttaa huonoa ilmanlaatua ja paloriskej\u00e4. Puhdas ilmanvaihtoj\u00e4rjestelm\u00e4 tukee terveellist\u00e4 sis\u00e4ilmastoa ja t\u00e4ytt\u00e4\u00e4 paloturvallisuusvaatimukset.<\/p>\n<p>Puhdistuksen j\u00e4lkeen tehdyst\u00e4 ty\u00f6st\u00e4 annetaan todistukset pelastuslaitokselle ja muille tarvittaville tahoille voimassa olevan lains\u00e4\u00e4d\u00e4nn\u00f6n ja standardien mukaisesti.<\/p>\n<h3><strong>Ilmanvaihdon puhdistusmenetelm\u00e4t:<\/strong><\/h3>\n<ul>\n<li style=\"font-weight: 400;\">Kuivapesu \u2013 puhdistus metalli- ja\/tai muoviharjoilla<\/li>\n<li style=\"font-weight: 400;\">Kuivapesu \u2013 rasvanpoisto ja desinfiointi<\/li>\n<li style=\"font-weight: 400;\">Yhdistetty pesu \u2013 vaahtopesu ja puhdistus harjoilla<\/li>\n<\/ul>\n\t\t\t\t\t\t<\/div>\n\t\t\t\t<\/div>\n\t\t\t\t\t<\/div>\n\t\t<\/div>\n\t\t\t\t\t<\/div>\n\t\t<\/section>\n\t\t\t\t<\/div>\n\t\t","protected":false},"excerpt":{"rendered":"<p>Hoolduskoristus Valvekoristus Kojamehe teenused Koristuse erit\u00f6\u00f6d T\u00f6\u00f6de kirjeldus Ilmanvaihtoj\u00e4rjestelmien tarkastus, valvonta ja huolto Tarjoamme ammattimaisia ilmanvaihto- ja j\u00e4\u00e4hdytysj\u00e4rjestelmien huoltoratkaisuja, jotka varmistavat puhtaan sis\u00e4ilman, energiatehokkaan toiminnan ja rakennusten turvallisuuden. Huollamme liike-, julkisia ja teollisuusrakennuksia kunkin kohteen erityispiirteet huomioiden.Teenindame \u00e4ri-, avalikke ja t\u00f6\u00f6stushooneid, l\u00e4htudes iga objekti erip\u00e4rast. Ilmanvaihtoj\u00e4rjestelm\u00e4n puhdistus Ilmanvaihtokanavien puhdistus auttaa poistamaan p\u00f6ly\u00e4, likaa, kosteutta ja [&hellip;]<\/p>\n","protected":false},"author":2,"featured_media":5799,"parent":0,"menu_order":0,"comment_status":"closed","ping_status":"closed","template":"elementor_header_footer","meta":{"footnotes":""},"class_list":["post-5809","page","type-page","status-publish","has-post-thumbnail","hentry"],"_links":{"self":[{"href":"https:\/\/purus.ee\/fi\/wp-json\/wp\/v2\/pages\/5809","targetHints":{"allow":["GET"]}}],"collection":[{"href":"https:\/\/purus.ee\/fi\/wp-json\/wp\/v2\/pages"}],"about":[{"href":"https:\/\/purus.ee\/fi\/wp-json\/wp\/v2\/types\/page"}],"author":[{"embeddable":true,"href":"https:\/\/purus.ee\/fi\/wp-json\/wp\/v2\/users\/2"}],"replies":[{"embeddable":true,"href":"https:\/\/purus.ee\/fi\/wp-json\/wp\/v2\/comments?post=5809"}],"version-history":[{"count":1,"href":"https:\/\/purus.ee\/fi\/wp-json\/wp\/v2\/pages\/5809\/revisions"}],"predecessor-version":[{"id":5810,"href":"https:\/\/purus.ee\/fi\/wp-json\/wp\/v2\/pages\/5809\/revisions\/5810"}],"wp:featuredmedia":[{"embeddable":true,"href":"https:\/\/purus.ee\/fi\/wp-json\/wp\/v2\/media\/5799"}],"wp:attachment":[{"href":"https:\/\/purus.ee\/fi\/wp-json\/wp\/v2\/media?parent=5809"}],"curies":[{"name":"wp","href":"https:\/\/api.w.org\/{rel}","templated":true}]}}