{"id":5203,"date":"2021-01-25T14:25:20","date_gmt":"2021-01-25T14:25:20","guid":{"rendered":"https:\/\/turundus.eu\/leht\/purus\/tule-toihin\/vapaa-tyopaikkat\/"},"modified":"2024-06-26T10:16:57","modified_gmt":"2024-06-26T10:16:57","slug":"vapaa-tyopaikkat","status":"publish","type":"page","link":"https:\/\/purus.ee\/fi\/tule-toihin\/vapaa-tyopaikkat\/","title":{"rendered":"Vapaa ty\u00f6paikkat"},"content":{"rendered":"\t\t<div data-elementor-type=\"wp-page\" data-elementor-id=\"5203\" class=\"elementor elementor-5203 elementor-4482\">\n\t\t\t\t\t\t<section class=\"elementor-section elementor-top-section elementor-element elementor-element-be50611 elementor-section-boxed elementor-section-height-default elementor-section-height-default\" data-id=\"be50611\" data-element_type=\"section\" data-settings=\"{&quot;jet_parallax_layout_list&quot;:[{&quot;jet_parallax_layout_image&quot;:{&quot;url&quot;:&quot;&quot;,&quot;id&quot;:&quot;&quot;,&quot;size&quot;:&quot;&quot;},&quot;_id&quot;:&quot;88ab92e&quot;,&quot;jet_parallax_layout_image_tablet&quot;:{&quot;url&quot;:&quot;&quot;,&quot;id&quot;:&quot;&quot;,&quot;size&quot;:&quot;&quot;},&quot;jet_parallax_layout_image_mobile&quot;:{&quot;url&quot;:&quot;&quot;,&quot;id&quot;:&quot;&quot;,&quot;size&quot;:&quot;&quot;},&quot;jet_parallax_layout_speed&quot;:{&quot;unit&quot;:&quot;%&quot;,&quot;size&quot;:50,&quot;sizes&quot;:[]},&quot;jet_parallax_layout_type&quot;:&quot;scroll&quot;,&quot;jet_parallax_layout_direction&quot;:null,&quot;jet_parallax_layout_fx_direction&quot;:null,&quot;jet_parallax_layout_z_index&quot;:&quot;&quot;,&quot;jet_parallax_layout_bg_x&quot;:50,&quot;jet_parallax_layout_bg_x_tablet&quot;:&quot;&quot;,&quot;jet_parallax_layout_bg_x_mobile&quot;:&quot;&quot;,&quot;jet_parallax_layout_bg_y&quot;:50,&quot;jet_parallax_layout_bg_y_tablet&quot;:&quot;&quot;,&quot;jet_parallax_layout_bg_y_mobile&quot;:&quot;&quot;,&quot;jet_parallax_layout_bg_size&quot;:&quot;auto&quot;,&quot;jet_parallax_layout_bg_size_tablet&quot;:&quot;&quot;,&quot;jet_parallax_layout_bg_size_mobile&quot;:&quot;&quot;,&quot;jet_parallax_layout_animation_prop&quot;:&quot;transform&quot;,&quot;jet_parallax_layout_on&quot;:[&quot;desktop&quot;,&quot;tablet&quot;]}]}\">\n\t\t\t\t\t\t<div class=\"elementor-container elementor-column-gap-no\">\n\t\t\t\t\t<div class=\"elementor-column elementor-col-50 elementor-top-column elementor-element elementor-element-9b342c9\" data-id=\"9b342c9\" data-element_type=\"column\">\n\t\t\t<div class=\"elementor-widget-wrap elementor-element-populated\">\n\t\t\t\t\t\t<div class=\"elementor-element elementor-element-4e78cbb single_service__menu elementor-widget elementor-widget-jet-custom-menu\" data-id=\"4e78cbb\" data-element_type=\"widget\" data-widget_type=\"jet-custom-menu.default\">\n\t\t\t\t<div class=\"elementor-widget-container\">\n\t\t\t<div class=\"menu-tule-toole-fin-container\"><div class=\"jet-custom-nav jet-custom-nav--dropdown-right-side jet-custom-nav--animation-fade\"><div class=\"menu-item menu-item-type-post_type menu-item-object-page jet-custom-nav__item jet-custom-nav__item-5351\"><a href=\"https:\/\/purus.ee\/fi\/tule-toihin\/vapaa-tyopaikkat\/\" class=\"jet-custom-nav__item-link\"><span class=\"jet-menu-link-text\"><span class=\"jet-custom-item-label top-level-label\">Vapaa ty\u00f6paikkat<\/span><\/span><\/a><\/div>\n<div class=\"menu-item menu-item-type-post_type menu-item-object-page jet-custom-nav__item jet-custom-nav__item-5352\"><a href=\"https:\/\/purus.ee\/fi\/tule-toihin\/kyselylomake\/\" class=\"jet-custom-nav__item-link\"><span class=\"jet-menu-link-text\"><span class=\"jet-custom-item-label top-level-label\">Kyselylomake<\/span><\/span><\/a><\/div>\n<\/div><\/div>\t\t<\/div>\n\t\t\t\t<\/div>\n\t\t\t\t\t<\/div>\n\t\t<\/div>\n\t\t\t\t<div class=\"elementor-column elementor-col-50 elementor-top-column elementor-element elementor-element-ea5af30\" data-id=\"ea5af30\" data-element_type=\"column\">\n\t\t\t<div class=\"elementor-widget-wrap elementor-element-populated\">\n\t\t\t\t\t\t<div class=\"elementor-element elementor-element-f293df0 elementor-widget elementor-widget-heading\" data-id=\"f293df0\" data-element_type=\"widget\" data-widget_type=\"heading.default\">\n\t\t\t\t<div class=\"elementor-widget-container\">\n\t\t\t<h2 class=\"elementor-heading-title elementor-size-default\">Hyv\u00e4 ty\u00f6nhakija<\/h2>\t\t<\/div>\n\t\t\t\t<\/div>\n\t\t\t\t<div class=\"elementor-element elementor-element-32f22a2 elementor-widget elementor-widget-text-editor\" data-id=\"32f22a2\" data-element_type=\"widget\" data-widget_type=\"text-editor.default\">\n\t\t\t\t<div class=\"elementor-widget-container\">\n\t\t\t\t\t\t\t<p>Jos sinulla on uusia kiinnostavia ideoita siit\u00e4, miten voit olla meille hy\u00f6dyllinen, ota rohkeasti yhteytt\u00e4 meihin!<br \/>L\u00e4het\u00e4 ansioluettelosi osoitteeseen purus@purus.ee<\/p>\n<p>Vapaa ty\u00f6paikkat:<\/p>\n<p><strong>SIIVOOJA<\/strong><br \/>Ty\u00f6teht\u00e4v\u00e4t:<br \/>\u2022 Sis\u00e4tilojen p\u00e4ivitt\u00e4inen siivous<\/p>\n<p><strong>SIIVOUSKONEEN K\u00c4YTT\u00c4J\u00c4<\/strong><br \/>Ty\u00f6teht\u00e4v\u00e4t:<br \/>\u2022 Sis\u00e4tilojen lattioiden pesu siivouskoneella.<\/p>\n<p><strong>ERIKOISSIIVOOJA<\/strong><br \/>Ty\u00f6teht\u00e4v\u00e4t:<br \/>\u2022 Ikkunanpesu<br \/>\u2022 Mattojen pesu<br \/>\u2022 Lattioiden syv\u00e4pesu ja vahaus<br \/>\u2022 Puhdistusty\u00f6t nostureilla <\/p>\n\t\t\t\t\t\t<\/div>\n\t\t\t\t<\/div>\n\t\t\t\t\t<\/div>\n\t\t<\/div>\n\t\t\t\t\t<\/div>\n\t\t<\/section>\n\t\t\t\t<\/div>\n\t\t","protected":false},"excerpt":{"rendered":"<p>Pakutavad ametikohad Ankeet Hyv\u00e4 ty\u00f6nhakija Jos sinulla on uusia kiinnostavia ideoita siit\u00e4, miten voit olla meille hy\u00f6dyllinen, ota rohkeasti yhteytt\u00e4 meihin!L\u00e4het\u00e4 ansioluettelosi osoitteeseen purus@purus.ee Vapaa ty\u00f6paikkat: SIIVOOJATy\u00f6teht\u00e4v\u00e4t:\u2022 Sis\u00e4tilojen p\u00e4ivitt\u00e4inen siivous SIIVOUSKONEEN K\u00c4YTT\u00c4J\u00c4Ty\u00f6teht\u00e4v\u00e4t:\u2022 Sis\u00e4tilojen lattioiden pesu siivouskoneella. ERIKOISSIIVOOJATy\u00f6teht\u00e4v\u00e4t:\u2022 Ikkunanpesu\u2022 Mattojen pesu\u2022 Lattioiden syv\u00e4pesu ja vahaus\u2022 Puhdistusty\u00f6t nostureilla<\/p>\n","protected":false},"author":1,"featured_media":0,"parent":5201,"menu_order":0,"comment_status":"closed","ping_status":"closed","template":"elementor_header_footer","meta":{"footnotes":""},"class_list":["post-5203","page","type-page","status-publish","hentry"],"_links":{"self":[{"href":"https:\/\/purus.ee\/fi\/wp-json\/wp\/v2\/pages\/5203","targetHints":{"allow":["GET"]}}],"collection":[{"href":"https:\/\/purus.ee\/fi\/wp-json\/wp\/v2\/pages"}],"about":[{"href":"https:\/\/purus.ee\/fi\/wp-json\/wp\/v2\/types\/page"}],"author":[{"embeddable":true,"href":"https:\/\/purus.ee\/fi\/wp-json\/wp\/v2\/users\/1"}],"replies":[{"embeddable":true,"href":"https:\/\/purus.ee\/fi\/wp-json\/wp\/v2\/comments?post=5203"}],"version-history":[{"count":1,"href":"https:\/\/purus.ee\/fi\/wp-json\/wp\/v2\/pages\/5203\/revisions"}],"predecessor-version":[{"id":5204,"href":"https:\/\/purus.ee\/fi\/wp-json\/wp\/v2\/pages\/5203\/revisions\/5204"}],"up":[{"embeddable":true,"href":"https:\/\/purus.ee\/fi\/wp-json\/wp\/v2\/pages\/5201"}],"wp:attachment":[{"href":"https:\/\/purus.ee\/fi\/wp-json\/wp\/v2\/media?parent=5203"}],"curies":[{"name":"wp","href":"https:\/\/api.w.org\/{rel}","templated":true}]}}