{"id":5199,"date":"2021-01-14T09:44:53","date_gmt":"2021-01-14T09:44:53","guid":{"rendered":"https:\/\/turundus.eu\/leht\/purus\/referenssit-asiakkaat\/"},"modified":"2024-07-15T12:20:00","modified_gmt":"2024-07-15T12:20:00","slug":"referenssit-asiakkaat","status":"publish","type":"page","link":"https:\/\/purus.ee\/fi\/referenssit-asiakkaat\/","title":{"rendered":"Referenssit\/Asiakkaat"},"content":{"rendered":"\t\t<div data-elementor-type=\"wp-page\" data-elementor-id=\"5199\" class=\"elementor elementor-5199 elementor-2889\">\n\t\t\t\t\t\t<section class=\"elementor-section elementor-top-section elementor-element elementor-element-6bfa208 elementor-section-boxed elementor-section-height-default elementor-section-height-default\" data-id=\"6bfa208\" data-element_type=\"section\" data-settings=\"{&quot;jet_parallax_layout_list&quot;:[{&quot;jet_parallax_layout_image&quot;:{&quot;url&quot;:&quot;&quot;,&quot;id&quot;:&quot;&quot;,&quot;size&quot;:&quot;&quot;},&quot;_id&quot;:&quot;88ab92e&quot;,&quot;jet_parallax_layout_image_tablet&quot;:{&quot;url&quot;:&quot;&quot;,&quot;id&quot;:&quot;&quot;,&quot;size&quot;:&quot;&quot;},&quot;jet_parallax_layout_image_mobile&quot;:{&quot;url&quot;:&quot;&quot;,&quot;id&quot;:&quot;&quot;,&quot;size&quot;:&quot;&quot;},&quot;jet_parallax_layout_speed&quot;:{&quot;unit&quot;:&quot;%&quot;,&quot;size&quot;:50,&quot;sizes&quot;:[]},&quot;jet_parallax_layout_type&quot;:&quot;scroll&quot;,&quot;jet_parallax_layout_direction&quot;:null,&quot;jet_parallax_layout_fx_direction&quot;:null,&quot;jet_parallax_layout_z_index&quot;:&quot;&quot;,&quot;jet_parallax_layout_bg_x&quot;:50,&quot;jet_parallax_layout_bg_x_tablet&quot;:&quot;&quot;,&quot;jet_parallax_layout_bg_x_mobile&quot;:&quot;&quot;,&quot;jet_parallax_layout_bg_y&quot;:50,&quot;jet_parallax_layout_bg_y_tablet&quot;:&quot;&quot;,&quot;jet_parallax_layout_bg_y_mobile&quot;:&quot;&quot;,&quot;jet_parallax_layout_bg_size&quot;:&quot;auto&quot;,&quot;jet_parallax_layout_bg_size_tablet&quot;:&quot;&quot;,&quot;jet_parallax_layout_bg_size_mobile&quot;:&quot;&quot;,&quot;jet_parallax_layout_animation_prop&quot;:&quot;transform&quot;,&quot;jet_parallax_layout_on&quot;:[&quot;desktop&quot;,&quot;tablet&quot;]}]}\">\n\t\t\t\t\t\t<div class=\"elementor-container elementor-column-gap-no\">\n\t\t\t\t\t<div class=\"elementor-column elementor-col-50 elementor-top-column elementor-element elementor-element-929c370\" data-id=\"929c370\" data-element_type=\"column\">\n\t\t\t<div class=\"elementor-widget-wrap elementor-element-populated\">\n\t\t\t\t\t\t<div class=\"elementor-element elementor-element-4b17d69 single_service__menu elementor-widget elementor-widget-jet-custom-menu\" data-id=\"4b17d69\" data-element_type=\"widget\" data-widget_type=\"jet-custom-menu.default\">\n\t\t\t\t<div class=\"elementor-widget-container\">\n\t\t\t<div class=\"menu-kontakt-fin-container\"><div class=\"jet-custom-nav jet-custom-nav--dropdown-right-side jet-custom-nav--animation-fade\"><div class=\"menu-item menu-item-type-post_type menu-item-object-page jet-custom-nav__item jet-custom-nav__item-5356\"><a href=\"https:\/\/purus.ee\/fi\/yhteystiedot\/\" class=\"jet-custom-nav__item-link\"><span class=\"jet-menu-link-text\"><span class=\"jet-custom-item-label top-level-label\">Yhteystiedot<\/span><\/span><\/a><\/div>\n<div class=\"menu-item menu-item-type-post_type menu-item-object-page menu-item-has-children jet-custom-nav__item jet-custom-nav__item-5357\"><a href=\"https:\/\/purus.ee\/fi\/tule-toihin\/\" class=\"jet-custom-nav__item-link\"><span class=\"jet-menu-link-text\"><span class=\"jet-custom-item-label top-level-label\">Tule t\u00f6ihin<\/span><\/span><i class=\"jet-dropdown-arrow  fa fa-chevron-right\"><\/i><\/a>\n<div  class=\"jet-custom-nav__sub\">\n\t<div class=\"menu-item menu-item-type-post_type menu-item-object-page jet-custom-nav__item jet-custom-nav__item-5358\"><a href=\"https:\/\/purus.ee\/fi\/tule-toihin\/kyselylomake\/\" class=\"jet-custom-nav__item-link\"><span class=\"jet-menu-link-text\"><span class=\"jet-custom-item-label sub-level-label\">Kyselylomake<\/span><\/span><\/a><\/div>\n\t<div class=\"menu-item menu-item-type-post_type menu-item-object-page jet-custom-nav__item jet-custom-nav__item-5359\"><a href=\"https:\/\/purus.ee\/fi\/tule-toihin\/vapaa-tyopaikkat\/\" class=\"jet-custom-nav__item-link\"><span class=\"jet-menu-link-text\"><span class=\"jet-custom-item-label sub-level-label\">Vapaa ty\u00f6paikkat<\/span><\/span><\/a><\/div>\n<\/div>\n<\/div>\n<\/div><\/div>\t\t<\/div>\n\t\t\t\t<\/div>\n\t\t\t\t\t<\/div>\n\t\t<\/div>\n\t\t\t\t<div class=\"elementor-column elementor-col-50 elementor-top-column elementor-element elementor-element-47108d6\" data-id=\"47108d6\" data-element_type=\"column\">\n\t\t\t<div class=\"elementor-widget-wrap elementor-element-populated\">\n\t\t\t\t\t\t<div class=\"elementor-element elementor-element-c592c8e elementor-widget elementor-widget-heading\" data-id=\"c592c8e\" data-element_type=\"widget\" data-widget_type=\"heading.default\">\n\t\t\t\t<div class=\"elementor-widget-container\">\n\t\t\t<h4 class=\"elementor-heading-title elementor-size-default\">Tuotantolaitokset:<\/h4>\t\t<\/div>\n\t\t\t\t<\/div>\n\t\t\t\t<div class=\"elementor-element elementor-element-3bbeb23 elementor-widget elementor-widget-text-editor\" data-id=\"3bbeb23\" data-element_type=\"widget\" data-widget_type=\"text-editor.default\">\n\t\t\t\t<div class=\"elementor-widget-container\">\n\t\t\t\t\t\t\t<p><a href=\"https:\/\/www.norma.ee\/\" target=\"_blank\" rel=\"noopener\">Autoliv (AS Norma)<\/a><br \/>\n<a href=\"https:\/\/www.apl.ee\/\" target=\"_blank\" rel=\"noopener\">APL Production AS<\/a><br \/>\n<a href=\"http:\/\/www.cbpg.com\/\" target=\"_blank\" rel=\"noopener\">Clyde Bergemann Eesti AS<\/a><br \/>\n<a href=\"https:\/\/stellabalt.ee\/et\/avaleht\/\" target=\"_blank\" rel=\"noopener\">Stellabalt O\u00dc<\/a><br \/>\n<a href=\"http:\/\/www.eprofiil.ee\/\" target=\"_blank\" rel=\"noopener\">E-Profiil AS<\/a><br \/>\n<a href=\"https:\/\/www.eolane.com\/\" target=\"_blank\" rel=\"noopener\">Eolane Tallinn AS<\/a><br \/>\n<a href=\"http:\/\/www.multipakend.ee\/\" target=\"_blank\" rel=\"noopener\">AS Multipakend<\/a><br \/>\n<a href=\"https:\/\/metaprint.com\/\" target=\"_blank\" rel=\"noopener\">Metaprint AS<\/a><br \/>\n<a href=\"http:\/\/www.dssmith.com\/\" target=\"_blank\" rel=\"noopener\">DS Smith Packaging Estonia AS<\/a><br \/>\n<a href=\"http:\/\/www.ledengroup.com\/\" target=\"_blank\" rel=\"noopener\"><a href=\"http:\/\/www.ledengroup.com\/\">Leden Group<\/a><\/a><br \/>\n<a href=\"http:\/\/www.monik.ee\/\" target=\"_blank\" rel=\"noopener\"><a href=\"http:\/\/www.monik.ee\/\">Monik O\u00dc<\/a><\/a><\/p>\n\t\t\t\t\t\t<\/div>\n\t\t\t\t<\/div>\n\t\t\t\t<div class=\"elementor-element elementor-element-12aa9e1 elementor-widget elementor-widget-heading\" data-id=\"12aa9e1\" data-element_type=\"widget\" data-widget_type=\"heading.default\">\n\t\t\t\t<div class=\"elementor-widget-container\">\n\t\t\t<h4 class=\"elementor-heading-title elementor-size-default\">Elintarviketeollisuus:<\/h4>\t\t<\/div>\n\t\t\t\t<\/div>\n\t\t\t\t<div class=\"elementor-element elementor-element-842ff13 elementor-widget elementor-widget-text-editor\" data-id=\"842ff13\" data-element_type=\"widget\" data-widget_type=\"text-editor.default\">\n\t\t\t\t<div class=\"elementor-widget-container\">\n\t\t\t\t\t\t\t<p><a href=\"http:\/\/www.kalev.ee\/\" target=\"_blank\" rel=\"noopener\">AS Kalev<\/a><br \/><a href=\"https:\/\/www.fazer.ee\/\" target=\"_blank\" rel=\"noopener\">Fazer Eesti AS<\/a><br \/><a href=\"http:\/\/Avektra%20O%C3%9C\" target=\"_blank\" rel=\"noopener\">Avektra O\u00dc<\/a><\/p>\n\t\t\t\t\t\t<\/div>\n\t\t\t\t<\/div>\n\t\t\t\t<div class=\"elementor-element elementor-element-1e638ca elementor-widget elementor-widget-heading\" data-id=\"1e638ca\" data-element_type=\"widget\" data-widget_type=\"heading.default\">\n\t\t\t\t<div class=\"elementor-widget-container\">\n\t\t\t<h4 class=\"elementor-heading-title elementor-size-default\">Muu toiminta:<\/h4>\t\t<\/div>\n\t\t\t\t<\/div>\n\t\t\t\t<div class=\"elementor-element elementor-element-62d5d72 elementor-widget elementor-widget-text-editor\" data-id=\"62d5d72\" data-element_type=\"widget\" data-widget_type=\"text-editor.default\">\n\t\t\t\t<div class=\"elementor-widget-container\">\n\t\t\t\t\t\t\t<p><a href=\"https:\/\/www.elektroskandia.ee\/\" rel=\"noopener\" target=\"_blank\">Elektroskandia Baltics O\u00dc<\/a><\/p>\n\t\t\t\t\t\t<\/div>\n\t\t\t\t<\/div>\n\t\t\t\t\t<\/div>\n\t\t<\/div>\n\t\t\t\t\t<\/div>\n\t\t<\/section>\n\t\t\t\t<\/div>\n\t\t","protected":false},"excerpt":{"rendered":"<p>Kontakt Tule t\u00f6\u00f6le Ankeet Pakutavad ametikohad Tuotantolaitokset: Autoliv (AS Norma) APL Production AS Clyde Bergemann Eesti AS Stellabalt O\u00dc E-Profiil AS Eolane Tallinn AS AS Multipakend Metaprint AS DS Smith Packaging Estonia AS Leden Group Monik O\u00dc Elintarviketeollisuus: AS KalevFazer Eesti ASAvektra O\u00dc Muu toiminta: Elektroskandia Baltics O\u00dc<\/p>\n","protected":false},"author":1,"featured_media":0,"parent":0,"menu_order":0,"comment_status":"closed","ping_status":"closed","template":"elementor_header_footer","meta":{"footnotes":""},"class_list":["post-5199","page","type-page","status-publish","hentry"],"_links":{"self":[{"href":"https:\/\/purus.ee\/fi\/wp-json\/wp\/v2\/pages\/5199","targetHints":{"allow":["GET"]}}],"collection":[{"href":"https:\/\/purus.ee\/fi\/wp-json\/wp\/v2\/pages"}],"about":[{"href":"https:\/\/purus.ee\/fi\/wp-json\/wp\/v2\/types\/page"}],"author":[{"embeddable":true,"href":"https:\/\/purus.ee\/fi\/wp-json\/wp\/v2\/users\/1"}],"replies":[{"embeddable":true,"href":"https:\/\/purus.ee\/fi\/wp-json\/wp\/v2\/comments?post=5199"}],"version-history":[{"count":86,"href":"https:\/\/purus.ee\/fi\/wp-json\/wp\/v2\/pages\/5199\/revisions"}],"predecessor-version":[{"id":5776,"href":"https:\/\/purus.ee\/fi\/wp-json\/wp\/v2\/pages\/5199\/revisions\/5776"}],"wp:attachment":[{"href":"https:\/\/purus.ee\/fi\/wp-json\/wp\/v2\/media?parent=5199"}],"curies":[{"name":"wp","href":"https:\/\/api.w.org\/{rel}","templated":true}]}}