{"id":5195,"date":"2021-01-26T07:57:42","date_gmt":"2021-01-26T07:57:42","guid":{"rendered":"https:\/\/turundus.eu\/leht\/purus\/siivouspalvelut\/erikoissiivouspalvelut\/toiden-kuvaus\/"},"modified":"2024-06-26T09:15:06","modified_gmt":"2024-06-26T09:15:06","slug":"toiden-kuvaus","status":"publish","type":"page","link":"https:\/\/purus.ee\/fi\/siivouspalvelut\/erikoissiivouspalvelut\/toiden-kuvaus\/","title":{"rendered":"T\u00f6iden kuvaus"},"content":{"rendered":"\t\t<div data-elementor-type=\"wp-page\" data-elementor-id=\"5195\" class=\"elementor elementor-5195 elementor-4603\">\n\t\t\t\t\t\t<section class=\"elementor-section elementor-top-section elementor-element elementor-element-0658887 elementor-section-boxed elementor-section-height-default elementor-section-height-default\" data-id=\"0658887\" data-element_type=\"section\" data-settings=\"{&quot;jet_parallax_layout_list&quot;:[]}\">\n\t\t\t\t\t\t<div class=\"elementor-container elementor-column-gap-default\">\n\t\t\t\t\t<div class=\"elementor-column elementor-col-50 elementor-top-column elementor-element elementor-element-45da0de\" data-id=\"45da0de\" data-element_type=\"column\">\n\t\t\t<div class=\"elementor-widget-wrap elementor-element-populated\">\n\t\t\t\t\t\t<div class=\"elementor-element elementor-element-1951fa9 single_service__menu elementor-widget elementor-widget-jet-custom-menu\" data-id=\"1951fa9\" data-element_type=\"widget\" data-widget_type=\"jet-custom-menu.default\">\n\t\t\t\t<div class=\"elementor-widget-container\">\n\t\t\t<div class=\"menu-puhastustood-fin-container\"><div class=\"jet-custom-nav jet-custom-nav--dropdown-right-side jet-custom-nav--animation-fade\"><div class=\"menu-item menu-item-type-post_type menu-item-object-page jet-custom-nav__item jet-custom-nav__item-5341\"><a href=\"https:\/\/purus.ee\/fi\/siivouspalvelut\/paivittainen-siivous\/\" class=\"jet-custom-nav__item-link\"><span class=\"jet-menu-link-text\"><span class=\"jet-custom-item-label top-level-label\">P\u00e4ivitt\u00e4inen siivous<\/span><\/span><\/a><\/div>\n<div class=\"menu-item menu-item-type-post_type menu-item-object-page jet-custom-nav__item jet-custom-nav__item-5342\"><a href=\"https:\/\/purus.ee\/fi\/siivouspalvelut\/siivouspaivystys\/\" class=\"jet-custom-nav__item-link\"><span class=\"jet-menu-link-text\"><span class=\"jet-custom-item-label top-level-label\">Siivousp\u00e4ivystys<\/span><\/span><\/a><\/div>\n<div class=\"menu-item menu-item-type-post_type menu-item-object-page jet-custom-nav__item jet-custom-nav__item-5343\"><a href=\"https:\/\/purus.ee\/fi\/siivouspalvelut\/talonmiespalvelu\/\" class=\"jet-custom-nav__item-link\"><span class=\"jet-menu-link-text\"><span class=\"jet-custom-item-label top-level-label\">Talonmiespalvelu<\/span><\/span><\/a><\/div>\n<div class=\"menu-item menu-item-type-post_type menu-item-object-page menu-item-has-children jet-custom-nav__item jet-custom-nav__item-5344\"><a href=\"https:\/\/purus.ee\/fi\/siivouspalvelut\/erikoissiivouspalvelut\/\" class=\"jet-custom-nav__item-link\"><span class=\"jet-menu-link-text\"><span class=\"jet-custom-item-label top-level-label\">Erikoissiivouspalvelut<\/span><\/span><i class=\"jet-dropdown-arrow  fa fa-chevron-right\"><\/i><\/a>\n<div  class=\"jet-custom-nav__sub\">\n\t<div class=\"menu-item menu-item-type-post_type menu-item-object-page jet-custom-nav__item jet-custom-nav__item-5345\"><a href=\"https:\/\/purus.ee\/fi\/siivouspalvelut\/erikoissiivouspalvelut\/toiden-kuvaus\/\" class=\"jet-custom-nav__item-link\"><span class=\"jet-menu-link-text\"><span class=\"jet-custom-item-label sub-level-label\">T\u00f6iden kuvaus<\/span><\/span><\/a><\/div>\n<\/div>\n<\/div>\n<\/div><\/div>\t\t<\/div>\n\t\t\t\t<\/div>\n\t\t\t\t\t<\/div>\n\t\t<\/div>\n\t\t\t\t<div class=\"elementor-column elementor-col-50 elementor-top-column elementor-element elementor-element-8e8d5c9\" data-id=\"8e8d5c9\" data-element_type=\"column\">\n\t\t\t<div class=\"elementor-widget-wrap elementor-element-populated\">\n\t\t\t\t\t\t<div class=\"elementor-element elementor-element-281639b elementor-widget elementor-widget-heading\" data-id=\"281639b\" data-element_type=\"widget\" data-widget_type=\"heading.default\">\n\t\t\t\t<div class=\"elementor-widget-container\">\n\t\t\t<h2 class=\"elementor-heading-title elementor-size-default\">Erikoissiivousteht\u00e4vien kuvaus:<\/h2>\t\t<\/div>\n\t\t\t\t<\/div>\n\t\t\t\t<div class=\"elementor-element elementor-element-94a64e1 elementor-widget elementor-widget-text-editor\" data-id=\"94a64e1\" data-element_type=\"widget\" data-widget_type=\"text-editor.default\">\n\t\t\t\t<div class=\"elementor-widget-container\">\n\t\t\t\t\t\t\t<p><strong>Pehmeiden kalusteiden kemiallinen pesu<\/strong><\/p>\n<p>Pehme\u00e4t kalusteet likaantuvat nopeasti. Suositamme, ett\u00e4 k\u00e4yt\u00e4t pari kertaa vuodessa asiantuntijoidemme apua, jotka pesev\u00e4t kankaalla verhoillut kalusteet tai hoitavat asianmukaisilla aineilla nahkakalusteita. T\u00e4m\u00e4 takaa kalusteiden pitk\u00e4n k\u00e4ytt\u00f6i\u00e4n ja miellytt\u00e4v\u00e4n ulkon\u00e4\u00f6n.<\/p>\n<p><strong>Mattojen kemiallinen pesu<\/strong><\/p>\n<p>Matot tarvitsevat kemiallista pesua 1-2 kertaa vuodessa. Poistamme m\u00e4rk\u00e4pesulla matoista lian, jota p\u00f6lynimuri ei pysty poistamaan. Ruiskutamme pesuaineliuoksen pinnalle ja k\u00e4sittelemme sen puhdistuslaitteella. Ker\u00e4\u00e4mme likaantuneen pesuveden vesi-imurilla ja annamme maton kuivua. Lopputulos on vaivan arvoinen.<\/p>\n<p><strong>Kivi- ja betonilattioiden hoito<\/strong><\/p>\n<p>Lujarakenteinen lattianp\u00e4\u00e4llyste vaatii p\u00e4ivitt\u00e4ist\u00e4 kunnossapitoa, s\u00e4\u00e4nn\u00f6llist\u00e4 syv\u00e4pesua ja suojaavaa pinnoitekerrosta. Keraamisen laatan, betonin ja luonnonkiven puhdistuksessa otamme huomioon pinnoitteen luonteen ja tilan k\u00e4ytt\u00f6tarkoituksen. Sen perusteella selvit\u00e4mme erikoispuhdistusmenetelm\u00e4n sek\u00e4 kyll\u00e4stysaineella k\u00e4sittelyn tarpeen ja tiheyden.<\/p>\n<p><strong>PVC- ja linoleumilattioiden hoito<\/strong><\/p>\n<p>PVC- ja linoleumip\u00e4\u00e4llysteet n\u00e4ytt\u00e4v\u00e4t samanlaisilta, mutta niiden kemiallinen koostumus ja hoitotavat ovat erilaisia. P\u00e4ivitt\u00e4isen puhdistuksen hoidamme molemmissa tapauksissa samanlaisilla ty\u00f6v\u00e4lineill\u00e4 mutta erilaisin ty\u00f6tavoin. PVC:n tapauksessa k\u00e4yt\u00e4mme m\u00e4rk\u00e4\u00e4 ja linoleumin tapauksessa kosteaa menetelm\u00e4\u00e4.<\/p>\n<p><strong>Laminaatti- ja puulattioiden hoito<\/strong><\/p>\n<p>Laminaatti- ja puulattiat n\u00e4ytt\u00e4v\u00e4t kaukaa katsottuna samanlaisilta, mutta niiden koostumuserot vaativat materiaalikohtaista hoitoa. Laminaattilattiaa ei vahata, puulattia vahataan tai \u00f6ljyt\u00e4\u00e4n.<\/p>\n<p><strong>Erikoismateriaaleista valmistettujen lattianp\u00e4\u00e4llysteiden hoito<\/strong><\/p>\n<p>Tiloissa, joiden k\u00e4ytt\u00f6tarkoitus on erikoinen, k\u00e4ytet\u00e4\u00e4n nyky\u00e4\u00e4n usein kumi-, puolijohde- tai turvalattioita, joskus my\u00f6s kuumavahattuja, lakattuja tai villamatolla p\u00e4\u00e4llystettyj\u00e4 lattioita. Erikoismateriaalit vaativat erikoisia hoitomenetelmi\u00e4. Lattiapintojen p\u00e4ivitt\u00e4isess\u00e4 siivouksessa k\u00e4yt\u00e4mme neutraaleja puhdistusaineita ja luonnonmateriaalien tapauksessa kosteita siivoustapoja.<\/p>\n<p><strong>Ikkunanpesu<\/strong><\/p>\n<p>Ikkunanpesuun sis\u00e4ltyy lasipintojen, puitteiden, karmien, ikkunalautojen ja ikkunav\u00e4lien puhdistus sinne ker\u00e4\u00e4ntyneest\u00e4 p\u00f6lyst\u00e4, h\u00e4m\u00e4h\u00e4kinseiteist\u00e4 ja muista ep\u00e4puhtauksista. Suositamme, ett\u00e4 ikkunat pest\u00e4\u00e4n kahdesti vuodessa tai useammin riippuen rakennuksen sijainnista ja tilojen k\u00e4ytt\u00f6tarkoituksesta. Vilkasliikenteisen kadun varrella ikkunat tulee pest\u00e4 joka viikko. Ikkunanpesu ulkopuolelta on mahdollista, kun l\u00e4mp\u00f6tila ei ole alle -5 \u00b0C.<\/p>\n<p><strong>Julkisivujen pesu<\/strong><\/p>\n<p>Eri julkisivumateriaalien puhdistuksessa k\u00e4yt\u00e4mme k\u00e4sipesun lis\u00e4ksi viel\u00e4 painepesua, korkeapainepesua, m\u00e4rk\u00e4hiekkapuhallusta ja kuivahiekkapuhallusta. Nykyaikaisen teknologian ja erikoisv\u00e4lineiden ansiosta puhdistamme julkisivut nopeasti ja laadukkaasti.<\/p>\n\t\t\t\t\t\t<\/div>\n\t\t\t\t<\/div>\n\t\t\t\t\t<\/div>\n\t\t<\/div>\n\t\t\t\t\t<\/div>\n\t\t<\/section>\n\t\t\t\t<\/div>\n\t\t","protected":false},"excerpt":{"rendered":"<p>Hoolduskoristus Valvekoristus Kojamehe teenused Koristuse erit\u00f6\u00f6d T\u00f6\u00f6de kirjeldus Erikoissiivousteht\u00e4vien kuvaus: Pehmeiden kalusteiden kemiallinen pesu Pehme\u00e4t kalusteet likaantuvat nopeasti. Suositamme, ett\u00e4 k\u00e4yt\u00e4t pari kertaa vuodessa asiantuntijoidemme apua, jotka pesev\u00e4t kankaalla verhoillut kalusteet tai hoitavat asianmukaisilla aineilla nahkakalusteita. T\u00e4m\u00e4 takaa kalusteiden pitk\u00e4n k\u00e4ytt\u00f6i\u00e4n ja miellytt\u00e4v\u00e4n ulkon\u00e4\u00f6n. Mattojen kemiallinen pesu Matot tarvitsevat kemiallista pesua 1-2 kertaa vuodessa. Poistamme [&hellip;]<\/p>\n","protected":false},"author":1,"featured_media":0,"parent":5193,"menu_order":0,"comment_status":"closed","ping_status":"closed","template":"elementor_header_footer","meta":{"footnotes":""},"class_list":["post-5195","page","type-page","status-publish","hentry"],"_links":{"self":[{"href":"https:\/\/purus.ee\/fi\/wp-json\/wp\/v2\/pages\/5195","targetHints":{"allow":["GET"]}}],"collection":[{"href":"https:\/\/purus.ee\/fi\/wp-json\/wp\/v2\/pages"}],"about":[{"href":"https:\/\/purus.ee\/fi\/wp-json\/wp\/v2\/types\/page"}],"author":[{"embeddable":true,"href":"https:\/\/purus.ee\/fi\/wp-json\/wp\/v2\/users\/1"}],"replies":[{"embeddable":true,"href":"https:\/\/purus.ee\/fi\/wp-json\/wp\/v2\/comments?post=5195"}],"version-history":[{"count":1,"href":"https:\/\/purus.ee\/fi\/wp-json\/wp\/v2\/pages\/5195\/revisions"}],"predecessor-version":[{"id":5196,"href":"https:\/\/purus.ee\/fi\/wp-json\/wp\/v2\/pages\/5195\/revisions\/5196"}],"up":[{"embeddable":true,"href":"https:\/\/purus.ee\/fi\/wp-json\/wp\/v2\/pages\/5193"}],"wp:attachment":[{"href":"https:\/\/purus.ee\/fi\/wp-json\/wp\/v2\/media?parent=5195"}],"curies":[{"name":"wp","href":"https:\/\/api.w.org\/{rel}","templated":true}]}}