{"id":5193,"date":"2021-01-26T07:39:50","date_gmt":"2021-01-26T07:39:50","guid":{"rendered":"https:\/\/turundus.eu\/leht\/purus\/siivouspalvelut\/erikoissiivouspalvelut\/"},"modified":"2024-06-28T08:06:55","modified_gmt":"2024-06-28T08:06:55","slug":"erikoissiivouspalvelut","status":"publish","type":"page","link":"https:\/\/purus.ee\/fi\/siivouspalvelut\/erikoissiivouspalvelut\/","title":{"rendered":"Erikoissiivouspalvelut"},"content":{"rendered":"\t\t<div data-elementor-type=\"wp-page\" data-elementor-id=\"5193\" class=\"elementor elementor-5193 elementor-4570\">\n\t\t\t\t\t\t<section class=\"elementor-section elementor-top-section elementor-element elementor-element-b83faeb elementor-section-boxed elementor-section-height-default elementor-section-height-default\" data-id=\"b83faeb\" data-element_type=\"section\" data-settings=\"{&quot;jet_parallax_layout_list&quot;:[]}\">\n\t\t\t\t\t\t<div class=\"elementor-container elementor-column-gap-default\">\n\t\t\t\t\t<div class=\"elementor-column elementor-col-50 elementor-top-column elementor-element elementor-element-5f0b359\" data-id=\"5f0b359\" data-element_type=\"column\">\n\t\t\t<div class=\"elementor-widget-wrap elementor-element-populated\">\n\t\t\t\t\t\t<div class=\"elementor-element elementor-element-4e5914f single_service__menu elementor-widget elementor-widget-jet-custom-menu\" data-id=\"4e5914f\" data-element_type=\"widget\" data-widget_type=\"jet-custom-menu.default\">\n\t\t\t\t<div class=\"elementor-widget-container\">\n\t\t\t<div class=\"menu-puhastustood-fin-container\"><div class=\"jet-custom-nav jet-custom-nav--dropdown-right-side jet-custom-nav--animation-fade\"><div class=\"menu-item menu-item-type-post_type menu-item-object-page jet-custom-nav__item jet-custom-nav__item-5341\"><a href=\"https:\/\/purus.ee\/fi\/siivouspalvelut\/paivittainen-siivous\/\" class=\"jet-custom-nav__item-link\"><span class=\"jet-menu-link-text\"><span class=\"jet-custom-item-label top-level-label\">P\u00e4ivitt\u00e4inen siivous<\/span><\/span><\/a><\/div>\n<div class=\"menu-item menu-item-type-post_type menu-item-object-page jet-custom-nav__item jet-custom-nav__item-5342\"><a href=\"https:\/\/purus.ee\/fi\/siivouspalvelut\/siivouspaivystys\/\" class=\"jet-custom-nav__item-link\"><span class=\"jet-menu-link-text\"><span class=\"jet-custom-item-label top-level-label\">Siivousp\u00e4ivystys<\/span><\/span><\/a><\/div>\n<div class=\"menu-item menu-item-type-post_type menu-item-object-page jet-custom-nav__item jet-custom-nav__item-5343\"><a href=\"https:\/\/purus.ee\/fi\/siivouspalvelut\/talonmiespalvelu\/\" class=\"jet-custom-nav__item-link\"><span class=\"jet-menu-link-text\"><span class=\"jet-custom-item-label top-level-label\">Talonmiespalvelu<\/span><\/span><\/a><\/div>\n<div class=\"menu-item menu-item-type-post_type menu-item-object-page menu-item-has-children jet-custom-nav__item jet-custom-nav__item-5344\"><a href=\"https:\/\/purus.ee\/fi\/siivouspalvelut\/erikoissiivouspalvelut\/\" class=\"jet-custom-nav__item-link\"><span class=\"jet-menu-link-text\"><span class=\"jet-custom-item-label top-level-label\">Erikoissiivouspalvelut<\/span><\/span><i class=\"jet-dropdown-arrow  fa fa-chevron-right\"><\/i><\/a>\n<div  class=\"jet-custom-nav__sub\">\n\t<div class=\"menu-item menu-item-type-post_type menu-item-object-page jet-custom-nav__item jet-custom-nav__item-5345\"><a href=\"https:\/\/purus.ee\/fi\/siivouspalvelut\/erikoissiivouspalvelut\/toiden-kuvaus\/\" class=\"jet-custom-nav__item-link\"><span class=\"jet-menu-link-text\"><span class=\"jet-custom-item-label sub-level-label\">T\u00f6iden kuvaus<\/span><\/span><\/a><\/div>\n<\/div>\n<\/div>\n<\/div><\/div>\t\t<\/div>\n\t\t\t\t<\/div>\n\t\t\t\t\t<\/div>\n\t\t<\/div>\n\t\t\t\t<div class=\"elementor-column elementor-col-50 elementor-top-column elementor-element elementor-element-7d8c4a3\" data-id=\"7d8c4a3\" data-element_type=\"column\">\n\t\t\t<div class=\"elementor-widget-wrap elementor-element-populated\">\n\t\t\t\t\t\t<div class=\"elementor-element elementor-element-3d3182c elementor-widget elementor-widget-heading\" data-id=\"3d3182c\" data-element_type=\"widget\" data-widget_type=\"heading.default\">\n\t\t\t\t<div class=\"elementor-widget-container\">\n\t\t\t<h2 class=\"elementor-heading-title elementor-size-default\">Erikoissiivousteht\u00e4v\u00e4t:<\/h2>\t\t<\/div>\n\t\t\t\t<\/div>\n\t\t\t\t<div class=\"elementor-element elementor-element-4d15cfd elementor-widget elementor-widget-text-editor\" data-id=\"4d15cfd\" data-element_type=\"widget\" data-widget_type=\"text-editor.default\">\n\t\t\t\t<div class=\"elementor-widget-container\">\n\t\t\t\t\t\t\t<p>P\u00e4ivitt\u00e4inen siivous ja siivousp\u00e4ivystys ovat tehokkaita erityisesti silloin, kun asiakas teett\u00e4\u00e4 s\u00e4\u00e4nn\u00f6llisesti my\u00f6s erikoissiivoust\u00f6it\u00e4:<\/p>\n\t\t\t\t\t\t<\/div>\n\t\t\t\t<\/div>\n\t\t\t\t<div class=\"elementor-element elementor-element-99cced5 elementor-widget elementor-widget-text-editor\" data-id=\"99cced5\" data-element_type=\"widget\" data-widget_type=\"text-editor.default\">\n\t\t\t\t<div class=\"elementor-widget-container\">\n\t\t\t\t\t\t\t<ul>\n \t<li>ikkunanpesu<\/li>\n \t<li>erilaisten lattioiden (PVC, kivi, laminaatti, puu ja muut) k\u00e4ytt\u00f6i\u00e4n pident\u00e4miseksi ja esteettisen ulkon\u00e4\u00f6n s\u00e4ilytt\u00e4miseksi suoritettava puhdistus, mm. konepesu, k\u00e4sittely suoja-aineilla (vahaaminen, \u00f6ljy\u00e4minen, kyll\u00e4st\u00e4minen) ja kiillottaminen<\/li>\n \t<li>mattojen ja pehmeiden kalusteiden syv\u00e4puhdistus<\/li>\n \t<li>kivilattioiden kristallointi<\/li>\n \t<li>suursiivous uudis- tai korjausrakennust\u00f6iden j\u00e4lkeen<\/li>\n \t<li>painepesu<\/li>\n \t<li>lamelliverhojen ja s\u00e4lekaihtimien puhdistus<\/li>\n \t<li>julkisivujen pesu ja korkealla ty\u00f6skentely<\/li>\n \t<li>hoidamme my\u00f6s pihan siivouksen (lumenpoisto, j\u00e4\u00e4puikkojen poisto, hiekoitus yms.)<\/li>\n \t<li>pid\u00e4mme kunnossa huonekasvit ja viheralueet (ruohonleikkuu, kasvien hoito yms.)<\/li>\n \t<li>rakennamme viheralueita.<\/li>\n<\/ul>\t\t\t\t\t\t<\/div>\n\t\t\t\t<\/div>\n\t\t\t\t\t<\/div>\n\t\t<\/div>\n\t\t\t\t\t<\/div>\n\t\t<\/section>\n\t\t\t\t<\/div>\n\t\t","protected":false},"excerpt":{"rendered":"<p>Hoolduskoristus Valvekoristus Kojamehe teenused Koristuse erit\u00f6\u00f6d T\u00f6\u00f6de kirjeldus Erikoissiivousteht\u00e4v\u00e4t: P\u00e4ivitt\u00e4inen siivous ja siivousp\u00e4ivystys ovat tehokkaita erityisesti silloin, kun asiakas teett\u00e4\u00e4 s\u00e4\u00e4nn\u00f6llisesti my\u00f6s erikoissiivoust\u00f6it\u00e4: ikkunanpesu erilaisten lattioiden (PVC, kivi, laminaatti, puu ja muut) k\u00e4ytt\u00f6i\u00e4n pident\u00e4miseksi ja esteettisen ulkon\u00e4\u00f6n s\u00e4ilytt\u00e4miseksi suoritettava puhdistus, mm. konepesu, k\u00e4sittely suoja-aineilla (vahaaminen, \u00f6ljy\u00e4minen, kyll\u00e4st\u00e4minen) ja kiillottaminen mattojen ja pehmeiden kalusteiden syv\u00e4puhdistus kivilattioiden [&hellip;]<\/p>\n","protected":false},"author":1,"featured_media":0,"parent":5167,"menu_order":0,"comment_status":"closed","ping_status":"closed","template":"elementor_header_footer","meta":{"footnotes":""},"class_list":["post-5193","page","type-page","status-publish","hentry"],"_links":{"self":[{"href":"https:\/\/purus.ee\/fi\/wp-json\/wp\/v2\/pages\/5193","targetHints":{"allow":["GET"]}}],"collection":[{"href":"https:\/\/purus.ee\/fi\/wp-json\/wp\/v2\/pages"}],"about":[{"href":"https:\/\/purus.ee\/fi\/wp-json\/wp\/v2\/types\/page"}],"author":[{"embeddable":true,"href":"https:\/\/purus.ee\/fi\/wp-json\/wp\/v2\/users\/1"}],"replies":[{"embeddable":true,"href":"https:\/\/purus.ee\/fi\/wp-json\/wp\/v2\/comments?post=5193"}],"version-history":[{"count":2,"href":"https:\/\/purus.ee\/fi\/wp-json\/wp\/v2\/pages\/5193\/revisions"}],"predecessor-version":[{"id":5438,"href":"https:\/\/purus.ee\/fi\/wp-json\/wp\/v2\/pages\/5193\/revisions\/5438"}],"up":[{"embeddable":true,"href":"https:\/\/purus.ee\/fi\/wp-json\/wp\/v2\/pages\/5167"}],"wp:attachment":[{"href":"https:\/\/purus.ee\/fi\/wp-json\/wp\/v2\/media?parent=5193"}],"curies":[{"name":"wp","href":"https:\/\/api.w.org\/{rel}","templated":true}]}}