{"id":5189,"date":"2021-01-26T07:53:04","date_gmt":"2021-01-26T07:53:04","guid":{"rendered":"https:\/\/turundus.eu\/leht\/purus\/siivouspalvelut\/paivittainen-siivous\/"},"modified":"2024-06-26T09:06:33","modified_gmt":"2024-06-26T09:06:33","slug":"paivittainen-siivous","status":"publish","type":"page","link":"https:\/\/purus.ee\/fi\/siivouspalvelut\/paivittainen-siivous\/","title":{"rendered":"P\u00e4ivitt\u00e4inen siivous"},"content":{"rendered":"\t\t<div data-elementor-type=\"wp-page\" data-elementor-id=\"5189\" class=\"elementor elementor-5189 elementor-4587\">\n\t\t\t\t\t\t<section class=\"elementor-section elementor-top-section elementor-element elementor-element-507c261 elementor-section-boxed elementor-section-height-default elementor-section-height-default\" data-id=\"507c261\" data-element_type=\"section\" data-settings=\"{&quot;jet_parallax_layout_list&quot;:[]}\">\n\t\t\t\t\t\t<div class=\"elementor-container elementor-column-gap-default\">\n\t\t\t\t\t<div class=\"elementor-column elementor-col-50 elementor-top-column elementor-element elementor-element-9fec2ff\" data-id=\"9fec2ff\" data-element_type=\"column\">\n\t\t\t<div class=\"elementor-widget-wrap elementor-element-populated\">\n\t\t\t\t\t\t<div class=\"elementor-element elementor-element-e25467e single_service__menu elementor-widget elementor-widget-jet-custom-menu\" data-id=\"e25467e\" data-element_type=\"widget\" data-widget_type=\"jet-custom-menu.default\">\n\t\t\t\t<div class=\"elementor-widget-container\">\n\t\t\t<div class=\"menu-puhastustood-fin-container\"><div class=\"jet-custom-nav jet-custom-nav--dropdown-right-side jet-custom-nav--animation-fade\"><div class=\"menu-item menu-item-type-post_type menu-item-object-page jet-custom-nav__item jet-custom-nav__item-5341\"><a href=\"https:\/\/purus.ee\/fi\/siivouspalvelut\/paivittainen-siivous\/\" class=\"jet-custom-nav__item-link\"><span class=\"jet-menu-link-text\"><span class=\"jet-custom-item-label top-level-label\">P\u00e4ivitt\u00e4inen siivous<\/span><\/span><\/a><\/div>\n<div class=\"menu-item menu-item-type-post_type menu-item-object-page jet-custom-nav__item jet-custom-nav__item-5342\"><a href=\"https:\/\/purus.ee\/fi\/siivouspalvelut\/siivouspaivystys\/\" class=\"jet-custom-nav__item-link\"><span class=\"jet-menu-link-text\"><span class=\"jet-custom-item-label top-level-label\">Siivousp\u00e4ivystys<\/span><\/span><\/a><\/div>\n<div class=\"menu-item menu-item-type-post_type menu-item-object-page jet-custom-nav__item jet-custom-nav__item-5343\"><a href=\"https:\/\/purus.ee\/fi\/siivouspalvelut\/talonmiespalvelu\/\" class=\"jet-custom-nav__item-link\"><span class=\"jet-menu-link-text\"><span class=\"jet-custom-item-label top-level-label\">Talonmiespalvelu<\/span><\/span><\/a><\/div>\n<div class=\"menu-item menu-item-type-post_type menu-item-object-page menu-item-has-children jet-custom-nav__item jet-custom-nav__item-5344\"><a href=\"https:\/\/purus.ee\/fi\/siivouspalvelut\/erikoissiivouspalvelut\/\" class=\"jet-custom-nav__item-link\"><span class=\"jet-menu-link-text\"><span class=\"jet-custom-item-label top-level-label\">Erikoissiivouspalvelut<\/span><\/span><i class=\"jet-dropdown-arrow  fa fa-chevron-right\"><\/i><\/a>\n<div  class=\"jet-custom-nav__sub\">\n\t<div class=\"menu-item menu-item-type-post_type menu-item-object-page jet-custom-nav__item jet-custom-nav__item-5345\"><a href=\"https:\/\/purus.ee\/fi\/siivouspalvelut\/erikoissiivouspalvelut\/toiden-kuvaus\/\" class=\"jet-custom-nav__item-link\"><span class=\"jet-menu-link-text\"><span class=\"jet-custom-item-label sub-level-label\">T\u00f6iden kuvaus<\/span><\/span><\/a><\/div>\n<\/div>\n<\/div>\n<\/div><\/div>\t\t<\/div>\n\t\t\t\t<\/div>\n\t\t\t\t\t<\/div>\n\t\t<\/div>\n\t\t\t\t<div class=\"elementor-column elementor-col-50 elementor-top-column elementor-element elementor-element-2e1a74f\" data-id=\"2e1a74f\" data-element_type=\"column\">\n\t\t\t<div class=\"elementor-widget-wrap elementor-element-populated\">\n\t\t\t\t\t\t<div class=\"elementor-element elementor-element-146306c elementor-widget elementor-widget-text-editor\" data-id=\"146306c\" data-element_type=\"widget\" data-widget_type=\"text-editor.default\">\n\t\t\t\t<div class=\"elementor-widget-container\">\n\t\t\t\t\t\t\t<ul>\n<li>kaikki sis\u00e4ll\u00e4 suoritettavat puhdistusty\u00f6t, jotka ovat luonteeltaan p\u00e4ivitt\u00e4isi\u00e4 ja tapahtuvat m\u00e4\u00e4r\u00e4ttyin\u00e4 kellonaikoina<\/li>\n<li>otamme huomioon ty\u00f6ntekij\u00f6iden yksil\u00f6lliset toiveet heid\u00e4n ty\u00f6tiloihinsa siivoukseen liittyen<\/li>\n<li>toimitamme tiloihin hygieniatarvikkeet (WC-paperia, saippuaa, paperipyyhkeit\u00e4)<\/li>\n<li>vuokraamme kuramattoja<\/li>\n<li>hoidamme tiskauksen<\/li>\n<li>poistamme my\u00f6s helpommat tahrat<\/li>\n<li>hoidamme huonekasveja jne.<\/li>\n<\/ul>\t\t\t\t\t\t<\/div>\n\t\t\t\t<\/div>\n\t\t\t\t\t<\/div>\n\t\t<\/div>\n\t\t\t\t\t<\/div>\n\t\t<\/section>\n\t\t\t\t<\/div>\n\t\t","protected":false},"excerpt":{"rendered":"<p>Hoolduskoristus Valvekoristus Kojamehe teenused Koristuse erit\u00f6\u00f6d T\u00f6\u00f6de kirjeldus kaikki sis\u00e4ll\u00e4 suoritettavat puhdistusty\u00f6t, jotka ovat luonteeltaan p\u00e4ivitt\u00e4isi\u00e4 ja tapahtuvat m\u00e4\u00e4r\u00e4ttyin\u00e4 kellonaikoina otamme huomioon ty\u00f6ntekij\u00f6iden yksil\u00f6lliset toiveet heid\u00e4n ty\u00f6tiloihinsa siivoukseen liittyen toimitamme tiloihin hygieniatarvikkeet (WC-paperia, saippuaa, paperipyyhkeit\u00e4) vuokraamme kuramattoja hoidamme tiskauksen poistamme my\u00f6s helpommat tahrat hoidamme huonekasveja jne.<\/p>\n","protected":false},"author":1,"featured_media":0,"parent":5167,"menu_order":0,"comment_status":"closed","ping_status":"closed","template":"elementor_header_footer","meta":{"footnotes":""},"class_list":["post-5189","page","type-page","status-publish","hentry"],"_links":{"self":[{"href":"https:\/\/purus.ee\/fi\/wp-json\/wp\/v2\/pages\/5189","targetHints":{"allow":["GET"]}}],"collection":[{"href":"https:\/\/purus.ee\/fi\/wp-json\/wp\/v2\/pages"}],"about":[{"href":"https:\/\/purus.ee\/fi\/wp-json\/wp\/v2\/types\/page"}],"author":[{"embeddable":true,"href":"https:\/\/purus.ee\/fi\/wp-json\/wp\/v2\/users\/1"}],"replies":[{"embeddable":true,"href":"https:\/\/purus.ee\/fi\/wp-json\/wp\/v2\/comments?post=5189"}],"version-history":[{"count":1,"href":"https:\/\/purus.ee\/fi\/wp-json\/wp\/v2\/pages\/5189\/revisions"}],"predecessor-version":[{"id":5190,"href":"https:\/\/purus.ee\/fi\/wp-json\/wp\/v2\/pages\/5189\/revisions\/5190"}],"up":[{"embeddable":true,"href":"https:\/\/purus.ee\/fi\/wp-json\/wp\/v2\/pages\/5167"}],"wp:attachment":[{"href":"https:\/\/purus.ee\/fi\/wp-json\/wp\/v2\/media?parent=5189"}],"curies":[{"name":"wp","href":"https:\/\/api.w.org\/{rel}","templated":true}]}}