{"id":5807,"date":"2026-01-16T11:59:00","date_gmt":"2026-01-16T11:59:00","guid":{"rendered":"https:\/\/purus.ee\/ventilation-works\/"},"modified":"2026-03-21T15:06:28","modified_gmt":"2026-03-21T15:06:28","slug":"ventilation-works","status":"publish","type":"page","link":"https:\/\/purus.ee\/en\/ventilation-works\/","title":{"rendered":"Ventilation works"},"content":{"rendered":"\t\t<div data-elementor-type=\"wp-page\" data-elementor-id=\"5807\" class=\"elementor elementor-5807 elementor-5787\">\n\t\t\t\t\t\t<section class=\"elementor-section elementor-top-section elementor-element elementor-element-507c261 elementor-section-boxed elementor-section-height-default elementor-section-height-default\" data-id=\"507c261\" data-element_type=\"section\" data-settings=\"{&quot;jet_parallax_layout_list&quot;:[]}\">\n\t\t\t\t\t\t<div class=\"elementor-container elementor-column-gap-default\">\n\t\t\t\t\t<div class=\"elementor-column elementor-col-50 elementor-top-column elementor-element elementor-element-9fec2ff\" data-id=\"9fec2ff\" data-element_type=\"column\">\n\t\t\t<div class=\"elementor-widget-wrap elementor-element-populated\">\n\t\t\t\t\t\t<div class=\"elementor-element elementor-element-e25467e single_service__menu elementor-widget elementor-widget-jet-custom-menu\" data-id=\"e25467e\" data-element_type=\"widget\" data-widget_type=\"jet-custom-menu.default\">\n\t\t\t\t<div class=\"elementor-widget-container\">\n\t\t\t<div class=\"menu-puhastustood-eng-container\"><div class=\"jet-custom-nav jet-custom-nav--dropdown-right-side jet-custom-nav--animation-fade\"><div class=\"menu-item menu-item-type-post_type menu-item-object-page jet-custom-nav__item jet-custom-nav__item-5336\"><a href=\"https:\/\/purus.ee\/en\/cleaning-works\/maintenance-cleaning\/\" class=\"jet-custom-nav__item-link\"><span class=\"jet-menu-link-text\"><span class=\"jet-custom-item-label top-level-label\">Maintenance cleaning<\/span><\/span><\/a><\/div>\n<div class=\"menu-item menu-item-type-post_type menu-item-object-page jet-custom-nav__item jet-custom-nav__item-5337\"><a href=\"https:\/\/purus.ee\/en\/cleaning-works\/operative-cleaning\/\" class=\"jet-custom-nav__item-link\"><span class=\"jet-menu-link-text\"><span class=\"jet-custom-item-label top-level-label\">Operative cleaning<\/span><\/span><\/a><\/div>\n<div class=\"menu-item menu-item-type-post_type menu-item-object-page jet-custom-nav__item jet-custom-nav__item-5338\"><a href=\"https:\/\/purus.ee\/en\/cleaning-works\/janitor-services\/\" class=\"jet-custom-nav__item-link\"><span class=\"jet-menu-link-text\"><span class=\"jet-custom-item-label top-level-label\">Janitor services<\/span><\/span><\/a><\/div>\n<div class=\"menu-item menu-item-type-post_type menu-item-object-page menu-item-has-children jet-custom-nav__item jet-custom-nav__item-5339\"><a href=\"https:\/\/purus.ee\/en\/cleaning-works\/special-cleaning-work\/\" class=\"jet-custom-nav__item-link\"><span class=\"jet-menu-link-text\"><span class=\"jet-custom-item-label top-level-label\">Special cleaning work<\/span><\/span><i class=\"jet-dropdown-arrow  fa fa-chevron-right\"><\/i><\/a>\n<div  class=\"jet-custom-nav__sub\">\n\t<div class=\"menu-item menu-item-type-post_type menu-item-object-page jet-custom-nav__item jet-custom-nav__item-5340\"><a href=\"https:\/\/purus.ee\/en\/cleaning-works\/special-cleaning-work\/description-of-special-cleaning-work\/\" class=\"jet-custom-nav__item-link\"><span class=\"jet-menu-link-text\"><span class=\"jet-custom-item-label sub-level-label\">Description of special cleaning work:<\/span><\/span><\/a><\/div>\n<\/div>\n<\/div>\n<\/div><\/div>\t\t<\/div>\n\t\t\t\t<\/div>\n\t\t\t\t\t<\/div>\n\t\t<\/div>\n\t\t\t\t<div class=\"elementor-column elementor-col-50 elementor-top-column elementor-element elementor-element-2e1a74f\" data-id=\"2e1a74f\" data-element_type=\"column\">\n\t\t\t<div class=\"elementor-widget-wrap elementor-element-populated\">\n\t\t\t\t\t\t<div class=\"elementor-element elementor-element-146306c elementor-widget elementor-widget-text-editor\" data-id=\"146306c\" data-element_type=\"widget\" data-widget_type=\"text-editor.default\">\n\t\t\t\t<div class=\"elementor-widget-container\">\n\t\t\t\t\t\t\t<h3>Ventilation system inspection, monitoring and maintenance<\/h3>\n<p>We offer professional ventilation and cooling system maintenance solutions that ensure clean indoor air, energy-efficient operation and building safety. We service commercial, public and industrial buildings, based on the specifics of each object.<\/p>\n<h3>Ventilation system cleaning<\/h3>\n<p>Ventilation duct cleaning helps remove dust, dirt, moisture and bacteria that can cause poor air quality and fire risk. A clean ventilation system supports a healthy indoor climate and meets fire safety requirements.<\/p>\n<p>After cleaning, certificates of work performed are issued for the Rescue Board and other necessary parties, in accordance with current legislation and standards.<\/p>\n<h3><strong>Ventilation cleaning methods:<\/strong><\/h3>\n<ul>\n<li style=\"font-weight: 400;\">Dry cleaning &#8211; cleaning with metal and\/or plastic brushes<\/li>\n<li style=\"font-weight: 400;\">Dry cleaning &#8211; degreasing and disinfection<\/li>\n<li style=\"font-weight: 400;\">Combined cleaning &#8211; foam cleaning and cleaning with brushes<\/li>\n<\/ul>\n\t\t\t\t\t\t<\/div>\n\t\t\t\t<\/div>\n\t\t\t\t\t<\/div>\n\t\t<\/div>\n\t\t\t\t\t<\/div>\n\t\t<\/section>\n\t\t\t\t<\/div>\n\t\t","protected":false},"excerpt":{"rendered":"<p>Hoolduskoristus Valvekoristus Kojamehe teenused Koristuse erit\u00f6\u00f6d T\u00f6\u00f6de kirjeldus Ventilation system inspection, monitoring and maintenance We offer professional ventilation and cooling system maintenance solutions that ensure clean indoor air, energy-efficient operation and building safety. We service commercial, public and industrial buildings, based on the specifics of each object. Ventilation system cleaning Ventilation duct cleaning helps remove [&hellip;]<\/p>\n","protected":false},"author":2,"featured_media":5798,"parent":0,"menu_order":0,"comment_status":"closed","ping_status":"closed","template":"elementor_header_footer","meta":{"footnotes":""},"class_list":["post-5807","page","type-page","status-publish","has-post-thumbnail","hentry"],"_links":{"self":[{"href":"https:\/\/purus.ee\/en\/wp-json\/wp\/v2\/pages\/5807","targetHints":{"allow":["GET"]}}],"collection":[{"href":"https:\/\/purus.ee\/en\/wp-json\/wp\/v2\/pages"}],"about":[{"href":"https:\/\/purus.ee\/en\/wp-json\/wp\/v2\/types\/page"}],"author":[{"embeddable":true,"href":"https:\/\/purus.ee\/en\/wp-json\/wp\/v2\/users\/2"}],"replies":[{"embeddable":true,"href":"https:\/\/purus.ee\/en\/wp-json\/wp\/v2\/comments?post=5807"}],"version-history":[{"count":1,"href":"https:\/\/purus.ee\/en\/wp-json\/wp\/v2\/pages\/5807\/revisions"}],"predecessor-version":[{"id":5808,"href":"https:\/\/purus.ee\/en\/wp-json\/wp\/v2\/pages\/5807\/revisions\/5808"}],"wp:featuredmedia":[{"embeddable":true,"href":"https:\/\/purus.ee\/en\/wp-json\/wp\/v2\/media\/5798"}],"wp:attachment":[{"href":"https:\/\/purus.ee\/en\/wp-json\/wp\/v2\/media?parent=5807"}],"curies":[{"name":"wp","href":"https:\/\/api.w.org\/{rel}","templated":true}]}}