{"id":5142,"date":"2021-01-26T07:57:42","date_gmt":"2021-01-26T07:57:42","guid":{"rendered":"https:\/\/turundus.eu\/leht\/purus\/special-cleaning-work\/description-of-special-cleaning-work\/"},"modified":"2024-06-25T15:43:58","modified_gmt":"2024-06-25T15:43:58","slug":"description-of-special-cleaning-work","status":"publish","type":"page","link":"https:\/\/purus.ee\/en\/cleaning-works\/special-cleaning-work\/description-of-special-cleaning-work\/","title":{"rendered":"Description of special cleaning work:"},"content":{"rendered":"\t\t<div data-elementor-type=\"wp-page\" data-elementor-id=\"5142\" class=\"elementor elementor-5142 elementor-4603\">\n\t\t\t\t\t\t<section class=\"elementor-section elementor-top-section elementor-element elementor-element-0658887 elementor-section-boxed elementor-section-height-default elementor-section-height-default\" data-id=\"0658887\" data-element_type=\"section\" data-settings=\"{&quot;jet_parallax_layout_list&quot;:[]}\">\n\t\t\t\t\t\t<div class=\"elementor-container elementor-column-gap-default\">\n\t\t\t\t\t<div class=\"elementor-column elementor-col-50 elementor-top-column elementor-element elementor-element-45da0de\" data-id=\"45da0de\" data-element_type=\"column\">\n\t\t\t<div class=\"elementor-widget-wrap elementor-element-populated\">\n\t\t\t\t\t\t<div class=\"elementor-element elementor-element-1951fa9 single_service__menu elementor-widget elementor-widget-jet-custom-menu\" data-id=\"1951fa9\" data-element_type=\"widget\" data-widget_type=\"jet-custom-menu.default\">\n\t\t\t\t<div class=\"elementor-widget-container\">\n\t\t\t<div class=\"menu-puhastustood-eng-container\"><div class=\"jet-custom-nav jet-custom-nav--dropdown-right-side jet-custom-nav--animation-fade\"><div class=\"menu-item menu-item-type-post_type menu-item-object-page jet-custom-nav__item jet-custom-nav__item-5336\"><a href=\"https:\/\/purus.ee\/en\/cleaning-works\/maintenance-cleaning\/\" class=\"jet-custom-nav__item-link\"><span class=\"jet-menu-link-text\"><span class=\"jet-custom-item-label top-level-label\">Maintenance cleaning<\/span><\/span><\/a><\/div>\n<div class=\"menu-item menu-item-type-post_type menu-item-object-page jet-custom-nav__item jet-custom-nav__item-5337\"><a href=\"https:\/\/purus.ee\/en\/cleaning-works\/operative-cleaning\/\" class=\"jet-custom-nav__item-link\"><span class=\"jet-menu-link-text\"><span class=\"jet-custom-item-label top-level-label\">Operative cleaning<\/span><\/span><\/a><\/div>\n<div class=\"menu-item menu-item-type-post_type menu-item-object-page jet-custom-nav__item jet-custom-nav__item-5338\"><a href=\"https:\/\/purus.ee\/en\/cleaning-works\/janitor-services\/\" class=\"jet-custom-nav__item-link\"><span class=\"jet-menu-link-text\"><span class=\"jet-custom-item-label top-level-label\">Janitor services<\/span><\/span><\/a><\/div>\n<div class=\"menu-item menu-item-type-post_type menu-item-object-page menu-item-has-children jet-custom-nav__item jet-custom-nav__item-5339\"><a href=\"https:\/\/purus.ee\/en\/cleaning-works\/special-cleaning-work\/\" class=\"jet-custom-nav__item-link\"><span class=\"jet-menu-link-text\"><span class=\"jet-custom-item-label top-level-label\">Special cleaning work<\/span><\/span><i class=\"jet-dropdown-arrow  fa fa-chevron-right\"><\/i><\/a>\n<div  class=\"jet-custom-nav__sub\">\n\t<div class=\"menu-item menu-item-type-post_type menu-item-object-page jet-custom-nav__item jet-custom-nav__item-5340\"><a href=\"https:\/\/purus.ee\/en\/cleaning-works\/special-cleaning-work\/description-of-special-cleaning-work\/\" class=\"jet-custom-nav__item-link\"><span class=\"jet-menu-link-text\"><span class=\"jet-custom-item-label sub-level-label\">Description of special cleaning work:<\/span><\/span><\/a><\/div>\n<\/div>\n<\/div>\n<\/div><\/div>\t\t<\/div>\n\t\t\t\t<\/div>\n\t\t\t\t\t<\/div>\n\t\t<\/div>\n\t\t\t\t<div class=\"elementor-column elementor-col-50 elementor-top-column elementor-element elementor-element-8e8d5c9\" data-id=\"8e8d5c9\" data-element_type=\"column\">\n\t\t\t<div class=\"elementor-widget-wrap elementor-element-populated\">\n\t\t\t\t\t\t<div class=\"elementor-element elementor-element-281639b elementor-widget elementor-widget-heading\" data-id=\"281639b\" data-element_type=\"widget\" data-widget_type=\"heading.default\">\n\t\t\t\t<div class=\"elementor-widget-container\">\n\t\t\t<h2 class=\"elementor-heading-title elementor-size-default\">Description of special cleaning work:<\/h2>\t\t<\/div>\n\t\t\t\t<\/div>\n\t\t\t\t<div class=\"elementor-element elementor-element-94a64e1 elementor-widget elementor-widget-text-editor\" data-id=\"94a64e1\" data-element_type=\"widget\" data-widget_type=\"text-editor.default\">\n\t\t\t\t<div class=\"elementor-widget-container\">\n\t\t\t\t\t\t\t<p><strong>Chemical cleaning on upholstered furniture<\/strong><\/p>\n<p>Upholstered furniture gets dirty quickly. We recommend using the help of our specialists who wash the furniture with a textile cover or care for leather furniture by using special substances, a couple of times a year. This ensures the long life and pleasant general appearance of the furniture.<\/p>\n<p><strong>Chemical cleaning of carpets<\/strong><\/p>\n<p>Carpet needs chemical cleaning at least once or twice a year. By using a wet wash we remove dirt from the carpet that cannot be removed with a hoover. We spray a detergent solution onto the surface and treat it with the cleaning machine. We remove the dirty water with water suction equipment, and finally we leave the carpet to dry. The result is definitely worth it.<\/p>\n<p><strong>Maintenance of stone and concreted floors<\/strong><\/p>\n<p>Heavy duty covering materials require everyday care, periodic deep washing, and a protective covering layer. When cleaning ceramic tiles, and concrete and natural stone, we take into consideration the nature and location of the materials which are to be cleaned. Once we have done this we can source the most appropriate method for the special cleaning of such materials, the need for covering them with a saturation substance to protect them in future, and the frequency at which any future maintenance work needs to be applied.<\/p>\n<p><strong>Maintenance of PVC and linoleum floors<\/strong><\/p>\n<p>PVC and linoleum floor coverings are similar in appearance to each other, but their composition and maintenance requirements are different. We carry out everyday cleaning by using similar tools for both, but by using different methods. For PVC we use the wet method, and for linoleum we use the slight-to-moist method.<\/p>\n<p><strong>Maintenance of laminate and wooden floors<\/strong><\/p>\n<p>At first sight laminate and wooden floors are similar, but the differences which arise from their composition require maintenance that is specific to the floor type. Laminate floors are not waxed and wooden floors are usually waxed or oiled.<\/p>\n<p><strong>Maintenance of special materials floor covers<\/strong><\/p>\n<p>Nowadays, special purpose buildings often use rubber, semi-conductor, or safety floors, as well as hot waxed, lacquered or woollen carpet floors. Special materials require special methods of maintenance. In everyday maintenance cleaning on floors we use neutral detergents, and for cleaning natural materials we use cleaning methods that include very little wet treatment.<\/p>\n<p><strong>Window cleaning<\/strong><\/p>\n<p>Window cleaning includes the cleaning of glass surfaces, window frames, window sills, and the space between the window, removing dust, spider webs, etc. We recommend cleaning windows at least twice a year or even more frequently, depending on the location of the building and the nature of the rooms inside it. Windows which are located alongside roads which carry heavy traffic loads should be cleaned every week. Outdoor window cleaning can be carried out at temperatures down to -5\u00b0C.<\/p>\n<p><strong>Facade cleaning<\/strong><\/p>\n<p>For cleaning different facade materials, in addition to a manual cleaning we also apply a powerwash, a wet sand wash, and a dry sand wash. we also apply a powerwash, a wet sand wash, and a dry sand wash. Thanks to modern technology and special resources we can clean facades very quickly and with high quality results.<\/p>\n\t\t\t\t\t\t<\/div>\n\t\t\t\t<\/div>\n\t\t\t\t\t<\/div>\n\t\t<\/div>\n\t\t\t\t\t<\/div>\n\t\t<\/section>\n\t\t\t\t<\/div>\n\t\t","protected":false},"excerpt":{"rendered":"<p>Hoolduskoristus Valvekoristus Kojamehe teenused Koristuse erit\u00f6\u00f6d T\u00f6\u00f6de kirjeldus Description of special cleaning work: Chemical cleaning on upholstered furniture Upholstered furniture gets dirty quickly. We recommend using the help of our specialists who wash the furniture with a textile cover or care for leather furniture by using special substances, a couple of times a year. This [&hellip;]<\/p>\n","protected":false},"author":1,"featured_media":0,"parent":5140,"menu_order":0,"comment_status":"closed","ping_status":"closed","template":"elementor_header_footer","meta":{"footnotes":""},"class_list":["post-5142","page","type-page","status-publish","hentry"],"_links":{"self":[{"href":"https:\/\/purus.ee\/en\/wp-json\/wp\/v2\/pages\/5142","targetHints":{"allow":["GET"]}}],"collection":[{"href":"https:\/\/purus.ee\/en\/wp-json\/wp\/v2\/pages"}],"about":[{"href":"https:\/\/purus.ee\/en\/wp-json\/wp\/v2\/types\/page"}],"author":[{"embeddable":true,"href":"https:\/\/purus.ee\/en\/wp-json\/wp\/v2\/users\/1"}],"replies":[{"embeddable":true,"href":"https:\/\/purus.ee\/en\/wp-json\/wp\/v2\/comments?post=5142"}],"version-history":[{"count":1,"href":"https:\/\/purus.ee\/en\/wp-json\/wp\/v2\/pages\/5142\/revisions"}],"predecessor-version":[{"id":5143,"href":"https:\/\/purus.ee\/en\/wp-json\/wp\/v2\/pages\/5142\/revisions\/5143"}],"up":[{"embeddable":true,"href":"https:\/\/purus.ee\/en\/wp-json\/wp\/v2\/pages\/5140"}],"wp:attachment":[{"href":"https:\/\/purus.ee\/en\/wp-json\/wp\/v2\/media?parent=5142"}],"curies":[{"name":"wp","href":"https:\/\/api.w.org\/{rel}","templated":true}]}}