{"id":5140,"date":"2021-01-26T07:39:50","date_gmt":"2021-01-26T07:39:50","guid":{"rendered":"https:\/\/turundus.eu\/leht\/purus\/special-cleaning-work\/"},"modified":"2024-06-28T08:06:08","modified_gmt":"2024-06-28T08:06:08","slug":"special-cleaning-work","status":"publish","type":"page","link":"https:\/\/purus.ee\/en\/cleaning-works\/special-cleaning-work\/","title":{"rendered":"Special cleaning work"},"content":{"rendered":"\t\t<div data-elementor-type=\"wp-page\" data-elementor-id=\"5140\" class=\"elementor elementor-5140 elementor-4570\">\n\t\t\t\t\t\t<section class=\"elementor-section elementor-top-section elementor-element elementor-element-b83faeb elementor-section-boxed elementor-section-height-default elementor-section-height-default\" data-id=\"b83faeb\" data-element_type=\"section\" data-settings=\"{&quot;jet_parallax_layout_list&quot;:[]}\">\n\t\t\t\t\t\t<div class=\"elementor-container elementor-column-gap-default\">\n\t\t\t\t\t<div class=\"elementor-column elementor-col-50 elementor-top-column elementor-element elementor-element-5f0b359\" data-id=\"5f0b359\" data-element_type=\"column\">\n\t\t\t<div class=\"elementor-widget-wrap elementor-element-populated\">\n\t\t\t\t\t\t<div class=\"elementor-element elementor-element-4e5914f single_service__menu elementor-widget elementor-widget-jet-custom-menu\" data-id=\"4e5914f\" data-element_type=\"widget\" data-widget_type=\"jet-custom-menu.default\">\n\t\t\t\t<div class=\"elementor-widget-container\">\n\t\t\t<div class=\"menu-puhastustood-eng-container\"><div class=\"jet-custom-nav jet-custom-nav--dropdown-right-side jet-custom-nav--animation-fade\"><div class=\"menu-item menu-item-type-post_type menu-item-object-page jet-custom-nav__item jet-custom-nav__item-5336\"><a href=\"https:\/\/purus.ee\/en\/cleaning-works\/maintenance-cleaning\/\" class=\"jet-custom-nav__item-link\"><span class=\"jet-menu-link-text\"><span class=\"jet-custom-item-label top-level-label\">Maintenance cleaning<\/span><\/span><\/a><\/div>\n<div class=\"menu-item menu-item-type-post_type menu-item-object-page jet-custom-nav__item jet-custom-nav__item-5337\"><a href=\"https:\/\/purus.ee\/en\/cleaning-works\/operative-cleaning\/\" class=\"jet-custom-nav__item-link\"><span class=\"jet-menu-link-text\"><span class=\"jet-custom-item-label top-level-label\">Operative cleaning<\/span><\/span><\/a><\/div>\n<div class=\"menu-item menu-item-type-post_type menu-item-object-page jet-custom-nav__item jet-custom-nav__item-5338\"><a href=\"https:\/\/purus.ee\/en\/cleaning-works\/janitor-services\/\" class=\"jet-custom-nav__item-link\"><span class=\"jet-menu-link-text\"><span class=\"jet-custom-item-label top-level-label\">Janitor services<\/span><\/span><\/a><\/div>\n<div class=\"menu-item menu-item-type-post_type menu-item-object-page menu-item-has-children jet-custom-nav__item jet-custom-nav__item-5339\"><a href=\"https:\/\/purus.ee\/en\/cleaning-works\/special-cleaning-work\/\" class=\"jet-custom-nav__item-link\"><span class=\"jet-menu-link-text\"><span class=\"jet-custom-item-label top-level-label\">Special cleaning work<\/span><\/span><i class=\"jet-dropdown-arrow  fa fa-chevron-right\"><\/i><\/a>\n<div  class=\"jet-custom-nav__sub\">\n\t<div class=\"menu-item menu-item-type-post_type menu-item-object-page jet-custom-nav__item jet-custom-nav__item-5340\"><a href=\"https:\/\/purus.ee\/en\/cleaning-works\/special-cleaning-work\/description-of-special-cleaning-work\/\" class=\"jet-custom-nav__item-link\"><span class=\"jet-menu-link-text\"><span class=\"jet-custom-item-label sub-level-label\">Description of special cleaning work:<\/span><\/span><\/a><\/div>\n<\/div>\n<\/div>\n<\/div><\/div>\t\t<\/div>\n\t\t\t\t<\/div>\n\t\t\t\t\t<\/div>\n\t\t<\/div>\n\t\t\t\t<div class=\"elementor-column elementor-col-50 elementor-top-column elementor-element elementor-element-7d8c4a3\" data-id=\"7d8c4a3\" data-element_type=\"column\">\n\t\t\t<div class=\"elementor-widget-wrap elementor-element-populated\">\n\t\t\t\t\t\t<div class=\"elementor-element elementor-element-3d3182c elementor-widget elementor-widget-heading\" data-id=\"3d3182c\" data-element_type=\"widget\" data-widget_type=\"heading.default\">\n\t\t\t\t<div class=\"elementor-widget-container\">\n\t\t\t<h2 class=\"elementor-heading-title elementor-size-default\">Special cleaning work:<\/h2>\t\t<\/div>\n\t\t\t\t<\/div>\n\t\t\t\t<div class=\"elementor-element elementor-element-4d15cfd elementor-widget elementor-widget-text-editor\" data-id=\"4d15cfd\" data-element_type=\"widget\" data-widget_type=\"text-editor.default\">\n\t\t\t\t<div class=\"elementor-widget-container\">\n\t\t\t\t\t\t\t<p>Special cleaning work: The everyday maintenance and cleaning services we provide become even more efficient when coupled with regular special cleaning work.<\/p>\n\t\t\t\t\t\t<\/div>\n\t\t\t\t<\/div>\n\t\t\t\t<div class=\"elementor-element elementor-element-99cced5 elementor-widget elementor-widget-text-editor\" data-id=\"99cced5\" data-element_type=\"widget\" data-widget_type=\"text-editor.default\">\n\t\t\t\t<div class=\"elementor-widget-container\">\n\t\t\t\t\t\t\t<ul>\n \t<li>window washing<\/li>\n \t<li>cleaning of different floor types (PVC, stone, laminate, wood, etc.) to prolong their useful life and preserve their attractive appearance, including machine-washing, cleaning with protective substances (waxing, oiling and impregnation) and polishing<\/li>\n \t<li>deep cleaning of carpets and soft furniture<\/li>\n \t<li>crystallisation of stone floors<\/li>\n \t<li>major cleaning after renovation and construction work<\/li>\n \t<li>pressure cleaning<\/li>\n \t<li>cleaning of vertical blinds and shutters<\/li>\n \t<li>washing exterior surfaces, including at heights<\/li>\n \t<li>we also do outdoor cleaning (snow and icicle removal, sand application, etc.)<\/li>\n \t<li>we maintain indoor plants and outdoor greenery (mowing lawns, taking care of plants, etc.)<\/li>\n \t<li>we plant new greenery<\/li>\n<\/ul>\t\t\t\t\t\t<\/div>\n\t\t\t\t<\/div>\n\t\t\t\t\t<\/div>\n\t\t<\/div>\n\t\t\t\t\t<\/div>\n\t\t<\/section>\n\t\t\t\t<\/div>\n\t\t","protected":false},"excerpt":{"rendered":"<p>Hoolduskoristus Valvekoristus Kojamehe teenused Koristuse erit\u00f6\u00f6d T\u00f6\u00f6de kirjeldus Special cleaning work: Special cleaning work: The everyday maintenance and cleaning services we provide become even more efficient when coupled with regular special cleaning work. window washing cleaning of different floor types (PVC, stone, laminate, wood, etc.) to prolong their useful life and preserve their attractive appearance, [&hellip;]<\/p>\n","protected":false},"author":1,"featured_media":0,"parent":5159,"menu_order":0,"comment_status":"closed","ping_status":"closed","template":"elementor_header_footer","meta":{"footnotes":""},"class_list":["post-5140","page","type-page","status-publish","hentry"],"_links":{"self":[{"href":"https:\/\/purus.ee\/en\/wp-json\/wp\/v2\/pages\/5140","targetHints":{"allow":["GET"]}}],"collection":[{"href":"https:\/\/purus.ee\/en\/wp-json\/wp\/v2\/pages"}],"about":[{"href":"https:\/\/purus.ee\/en\/wp-json\/wp\/v2\/types\/page"}],"author":[{"embeddable":true,"href":"https:\/\/purus.ee\/en\/wp-json\/wp\/v2\/users\/1"}],"replies":[{"embeddable":true,"href":"https:\/\/purus.ee\/en\/wp-json\/wp\/v2\/comments?post=5140"}],"version-history":[{"count":2,"href":"https:\/\/purus.ee\/en\/wp-json\/wp\/v2\/pages\/5140\/revisions"}],"predecessor-version":[{"id":5437,"href":"https:\/\/purus.ee\/en\/wp-json\/wp\/v2\/pages\/5140\/revisions\/5437"}],"up":[{"embeddable":true,"href":"https:\/\/purus.ee\/en\/wp-json\/wp\/v2\/pages\/5159"}],"wp:attachment":[{"href":"https:\/\/purus.ee\/en\/wp-json\/wp\/v2\/media?parent=5140"}],"curies":[{"name":"wp","href":"https:\/\/api.w.org\/{rel}","templated":true}]}}