{"id":5134,"date":"2021-01-26T07:53:04","date_gmt":"2021-01-26T07:53:04","guid":{"rendered":"https:\/\/turundus.eu\/leht\/purus\/maintenance-cleaning\/"},"modified":"2024-06-26T08:40:29","modified_gmt":"2024-06-26T08:40:29","slug":"maintenance-cleaning","status":"publish","type":"page","link":"https:\/\/purus.ee\/en\/cleaning-works\/maintenance-cleaning\/","title":{"rendered":"Maintenance cleaning"},"content":{"rendered":"\t\t<div data-elementor-type=\"wp-page\" data-elementor-id=\"5134\" class=\"elementor elementor-5134 elementor-4587\">\n\t\t\t\t\t\t<section class=\"elementor-section elementor-top-section elementor-element elementor-element-507c261 elementor-section-boxed elementor-section-height-default elementor-section-height-default\" data-id=\"507c261\" data-element_type=\"section\" data-settings=\"{&quot;jet_parallax_layout_list&quot;:[]}\">\n\t\t\t\t\t\t<div class=\"elementor-container elementor-column-gap-default\">\n\t\t\t\t\t<div class=\"elementor-column elementor-col-50 elementor-top-column elementor-element elementor-element-9fec2ff\" data-id=\"9fec2ff\" data-element_type=\"column\">\n\t\t\t<div class=\"elementor-widget-wrap elementor-element-populated\">\n\t\t\t\t\t\t<div class=\"elementor-element elementor-element-e25467e single_service__menu elementor-widget elementor-widget-jet-custom-menu\" data-id=\"e25467e\" data-element_type=\"widget\" data-widget_type=\"jet-custom-menu.default\">\n\t\t\t\t<div class=\"elementor-widget-container\">\n\t\t\t<div class=\"menu-puhastustood-eng-container\"><div class=\"jet-custom-nav jet-custom-nav--dropdown-right-side jet-custom-nav--animation-fade\"><div class=\"menu-item menu-item-type-post_type menu-item-object-page jet-custom-nav__item jet-custom-nav__item-5336\"><a href=\"https:\/\/purus.ee\/en\/cleaning-works\/maintenance-cleaning\/\" class=\"jet-custom-nav__item-link\"><span class=\"jet-menu-link-text\"><span class=\"jet-custom-item-label top-level-label\">Maintenance cleaning<\/span><\/span><\/a><\/div>\n<div class=\"menu-item menu-item-type-post_type menu-item-object-page jet-custom-nav__item jet-custom-nav__item-5337\"><a href=\"https:\/\/purus.ee\/en\/cleaning-works\/operative-cleaning\/\" class=\"jet-custom-nav__item-link\"><span class=\"jet-menu-link-text\"><span class=\"jet-custom-item-label top-level-label\">Operative cleaning<\/span><\/span><\/a><\/div>\n<div class=\"menu-item menu-item-type-post_type menu-item-object-page jet-custom-nav__item jet-custom-nav__item-5338\"><a href=\"https:\/\/purus.ee\/en\/cleaning-works\/janitor-services\/\" class=\"jet-custom-nav__item-link\"><span class=\"jet-menu-link-text\"><span class=\"jet-custom-item-label top-level-label\">Janitor services<\/span><\/span><\/a><\/div>\n<div class=\"menu-item menu-item-type-post_type menu-item-object-page menu-item-has-children jet-custom-nav__item jet-custom-nav__item-5339\"><a href=\"https:\/\/purus.ee\/en\/cleaning-works\/special-cleaning-work\/\" class=\"jet-custom-nav__item-link\"><span class=\"jet-menu-link-text\"><span class=\"jet-custom-item-label top-level-label\">Special cleaning work<\/span><\/span><i class=\"jet-dropdown-arrow  fa fa-chevron-right\"><\/i><\/a>\n<div  class=\"jet-custom-nav__sub\">\n\t<div class=\"menu-item menu-item-type-post_type menu-item-object-page jet-custom-nav__item jet-custom-nav__item-5340\"><a href=\"https:\/\/purus.ee\/en\/cleaning-works\/special-cleaning-work\/description-of-special-cleaning-work\/\" class=\"jet-custom-nav__item-link\"><span class=\"jet-menu-link-text\"><span class=\"jet-custom-item-label sub-level-label\">Description of special cleaning work:<\/span><\/span><\/a><\/div>\n<\/div>\n<\/div>\n<\/div><\/div>\t\t<\/div>\n\t\t\t\t<\/div>\n\t\t\t\t\t<\/div>\n\t\t<\/div>\n\t\t\t\t<div class=\"elementor-column elementor-col-50 elementor-top-column elementor-element elementor-element-2e1a74f\" data-id=\"2e1a74f\" data-element_type=\"column\">\n\t\t\t<div class=\"elementor-widget-wrap elementor-element-populated\">\n\t\t\t\t\t\t<div class=\"elementor-element elementor-element-146306c elementor-widget elementor-widget-text-editor\" data-id=\"146306c\" data-element_type=\"widget\" data-widget_type=\"text-editor.default\">\n\t\t\t\t<div class=\"elementor-widget-container\">\n\t\t\t\t\t\t\t<ul>\n<li>all indoor cleaning work, which takes place daily at pre-arranged times<\/li>\n<li>we take into account individual employees\u2019 wishes when cleaning their premises<\/li>\n<li>we supply your facilities with hygienic items such as toilet paper, soap and paper towels<\/li>\n<li>you can rent dirt-collecting carpet from us<\/li>\n<li>we wash dishes<\/li>\n<li>we remove light stains<\/li>\n<li>we take care of plants, etc.<\/li>\n<\/ul>\t\t\t\t\t\t<\/div>\n\t\t\t\t<\/div>\n\t\t\t\t\t<\/div>\n\t\t<\/div>\n\t\t\t\t\t<\/div>\n\t\t<\/section>\n\t\t\t\t<\/div>\n\t\t","protected":false},"excerpt":{"rendered":"<p>Hoolduskoristus Valvekoristus Kojamehe teenused Koristuse erit\u00f6\u00f6d T\u00f6\u00f6de kirjeldus all indoor cleaning work, which takes place daily at pre-arranged times we take into account individual employees\u2019 wishes when cleaning their premises we supply your facilities with hygienic items such as toilet paper, soap and paper towels you can rent dirt-collecting carpet from us we wash dishes [&hellip;]<\/p>\n","protected":false},"author":1,"featured_media":0,"parent":5159,"menu_order":0,"comment_status":"closed","ping_status":"closed","template":"elementor_header_footer","meta":{"footnotes":""},"class_list":["post-5134","page","type-page","status-publish","hentry"],"_links":{"self":[{"href":"https:\/\/purus.ee\/en\/wp-json\/wp\/v2\/pages\/5134","targetHints":{"allow":["GET"]}}],"collection":[{"href":"https:\/\/purus.ee\/en\/wp-json\/wp\/v2\/pages"}],"about":[{"href":"https:\/\/purus.ee\/en\/wp-json\/wp\/v2\/types\/page"}],"author":[{"embeddable":true,"href":"https:\/\/purus.ee\/en\/wp-json\/wp\/v2\/users\/1"}],"replies":[{"embeddable":true,"href":"https:\/\/purus.ee\/en\/wp-json\/wp\/v2\/comments?post=5134"}],"version-history":[{"count":1,"href":"https:\/\/purus.ee\/en\/wp-json\/wp\/v2\/pages\/5134\/revisions"}],"predecessor-version":[{"id":5135,"href":"https:\/\/purus.ee\/en\/wp-json\/wp\/v2\/pages\/5134\/revisions\/5135"}],"up":[{"embeddable":true,"href":"https:\/\/purus.ee\/en\/wp-json\/wp\/v2\/pages\/5159"}],"wp:attachment":[{"href":"https:\/\/purus.ee\/en\/wp-json\/wp\/v2\/media?parent=5134"}],"curies":[{"name":"wp","href":"https:\/\/api.w.org\/{rel}","templated":true}]}}